{"id":563,"date":"2021-12-01T11:18:17","date_gmt":"2021-12-01T11:18:17","guid":{"rendered":"https:\/\/dimedcare.fr\/wordpress\/?page_id=563"},"modified":"2023-08-04T08:45:57","modified_gmt":"2023-08-04T07:45:57","slug":"nos-partenaires","status":"publish","type":"page","link":"https:\/\/dimedcare.fr\/wordpress\/index.php\/nos-partenaires\/","title":{"rendered":"Nos Partenaires"},"content":{"rendered":"\t\t<div data-elementor-type=\"wp-page\" data-elementor-id=\"563\" class=\"elementor elementor-563\">\n\t\t\t\t\t\t<section class=\"elementor-section elementor-top-section elementor-element elementor-element-ffa5da8 elementor-section-boxed elementor-section-height-default elementor-section-height-default\" data-id=\"ffa5da8\" data-element_type=\"section\" data-e-type=\"section\">\n\t\t\t\t\t\t<div class=\"elementor-container elementor-column-gap-default\">\n\t\t\t\t\t<div class=\"elementor-column elementor-col-33 elementor-top-column elementor-element elementor-element-6cc42d5\" data-id=\"6cc42d5\" data-element_type=\"column\" data-e-type=\"column\">\n\t\t\t<div class=\"elementor-widget-wrap elementor-element-populated\">\n\t\t\t\t\t\t<div class=\"elementor-element elementor-element-7599964 elementor-widget elementor-widget-image\" data-id=\"7599964\" data-element_type=\"widget\" data-e-type=\"widget\" data-widget_type=\"image.default\">\n\t\t\t\t<div class=\"elementor-widget-container\">\n\t\t\t\t\t\t\t\t\t\t\t\t\t\t\t\t<a href=\"https:\/\/osypka.de\/en\">\n\t\t\t\t\t\t\t<img fetchpriority=\"high\" decoding=\"async\" width=\"900\" height=\"752\" src=\"https:\/\/dimedcare.fr\/wordpress\/wp-content\/uploads\/2022\/01\/osypka-1024x856.png\" class=\"attachment-large size-large wp-image-1026\" alt=\"\" srcset=\"https:\/\/dimedcare.fr\/wordpress\/wp-content\/uploads\/2022\/01\/osypka-1024x856.png 1024w, https:\/\/dimedcare.fr\/wordpress\/wp-content\/uploads\/2022\/01\/osypka-300x251.png 300w, https:\/\/dimedcare.fr\/wordpress\/wp-content\/uploads\/2022\/01\/osypka-768x642.png 768w, https:\/\/dimedcare.fr\/wordpress\/wp-content\/uploads\/2022\/01\/osypka.png 1358w\" sizes=\"(max-width: 900px) 100vw, 900px\" \/>\t\t\t\t\t\t\t\t<\/a>\n\t\t\t\t\t\t\t\t\t\t\t\t\t\t\t<\/div>\n\t\t\t\t<\/div>\n\t\t\t\t\t<\/div>\n\t\t<\/div>\n\t\t\t\t<div class=\"elementor-column elementor-col-66 elementor-top-column elementor-element elementor-element-9125a40\" data-id=\"9125a40\" data-element_type=\"column\" data-e-type=\"column\">\n\t\t\t<div class=\"elementor-widget-wrap elementor-element-populated\">\n\t\t\t\t\t\t<div class=\"elementor-element elementor-element-7bb40ea elementor-widget elementor-widget-heading\" data-id=\"7bb40ea\" data-element_type=\"widget\" data-e-type=\"widget\" data-widget_type=\"heading.default\">\n\t\t\t\t<div class=\"elementor-widget-container\">\n\t\t\t\t\t<h2 class=\"elementor-heading-title elementor-size-default\"><a href=\"https:\/\/osypka.de\/\">Osypka Ag<\/a><\/h2>\t\t\t\t<\/div>\n\t\t\t\t<\/div>\n\t\t\t\t<div class=\"elementor-element elementor-element-f06ed55 elementor-widget elementor-widget-text-editor\" data-id=\"f06ed55\" data-element_type=\"widget\" data-e-type=\"widget\" data-widget_type=\"text-editor.default\">\n\t\t\t\t<div class=\"elementor-widget-container\">\n\t\t\t\t\t\t\t\t\t<p>Fabricant Allemand de dispositifs m\u00e9dicaux sp\u00e9cialis\u00e9 en rythmologie et cardiologie.<\/p><p>Nous d\u00e9veloppons des dispositifs m\u00e9dicaux et offrons des services qui facilitent les th\u00e9rapies et les diagnostics m\u00e9dicaux les plus modernes. Dans notre segment de march\u00e9, nous sommes le choix num\u00e9ro 1 des m\u00e9decins, des entreprises et des employ\u00e9s.<\/p><p>Avec notre travail et nos solutions, nous am\u00e9liorons la qualit\u00e9 de vie des personnes dans le monde entier.<\/p>\t\t\t\t\t\t\t\t<\/div>\n\t\t\t\t<\/div>\n\t\t\t\t\t<\/div>\n\t\t<\/div>\n\t\t\t\t\t<\/div>\n\t\t<\/section>\n\t\t\t\t<section class=\"elementor-section elementor-top-section elementor-element elementor-element-39587a3 elementor-section-boxed elementor-section-height-default elementor-section-height-default\" data-id=\"39587a3\" data-element_type=\"section\" data-e-type=\"section\">\n\t\t\t\t\t\t<div class=\"elementor-container elementor-column-gap-default\">\n\t\t\t\t\t<div class=\"elementor-column elementor-col-100 elementor-top-column elementor-element elementor-element-bad78e3\" data-id=\"bad78e3\" data-element_type=\"column\" data-e-type=\"column\">\n\t\t\t<div class=\"elementor-widget-wrap elementor-element-populated\">\n\t\t\t\t\t\t<div class=\"elementor-element elementor-element-73d3ede elementor-widget-divider--view-line elementor-widget elementor-widget-divider\" data-id=\"73d3ede\" data-element_type=\"widget\" data-e-type=\"widget\" data-widget_type=\"divider.default\">\n\t\t\t\t<div class=\"elementor-widget-container\">\n\t\t\t\t\t\t\t<div class=\"elementor-divider\">\n\t\t\t<span class=\"elementor-divider-separator\">\n\t\t\t\t\t\t<\/span>\n\t\t<\/div>\n\t\t\t\t\t\t<\/div>\n\t\t\t\t<\/div>\n\t\t\t\t\t<\/div>\n\t\t<\/div>\n\t\t\t\t\t<\/div>\n\t\t<\/section>\n\t\t\t\t<section class=\"elementor-section elementor-top-section elementor-element elementor-element-7e18d2a elementor-section-boxed elementor-section-height-default elementor-section-height-default\" data-id=\"7e18d2a\" data-element_type=\"section\" data-e-type=\"section\">\n\t\t\t\t\t\t<div class=\"elementor-container elementor-column-gap-default\">\n\t\t\t\t\t<div class=\"elementor-column elementor-col-33 elementor-top-column elementor-element elementor-element-f82feeb\" data-id=\"f82feeb\" data-element_type=\"column\" data-e-type=\"column\">\n\t\t\t<div class=\"elementor-widget-wrap elementor-element-populated\">\n\t\t\t\t\t\t<div class=\"elementor-element elementor-element-2c95335 elementor-widget elementor-widget-image\" data-id=\"2c95335\" data-element_type=\"widget\" data-e-type=\"widget\" data-widget_type=\"image.default\">\n\t\t\t\t<div class=\"elementor-widget-container\">\n\t\t\t\t\t\t\t\t\t\t\t\t\t\t\t\t<a href=\"https:\/\/www.pfmmedical.com\/\">\n\t\t\t\t\t\t\t<img decoding=\"async\" width=\"900\" height=\"788\" src=\"https:\/\/dimedcare.fr\/wordpress\/wp-content\/uploads\/2022\/01\/pfm-1-1024x896.png\" class=\"attachment-large size-large wp-image-1034\" alt=\"\" srcset=\"https:\/\/dimedcare.fr\/wordpress\/wp-content\/uploads\/2022\/01\/pfm-1-1024x896.png 1024w, https:\/\/dimedcare.fr\/wordpress\/wp-content\/uploads\/2022\/01\/pfm-1-300x263.png 300w, https:\/\/dimedcare.fr\/wordpress\/wp-content\/uploads\/2022\/01\/pfm-1-768x672.png 768w, https:\/\/dimedcare.fr\/wordpress\/wp-content\/uploads\/2022\/01\/pfm-1-1536x1344.png 1536w, https:\/\/dimedcare.fr\/wordpress\/wp-content\/uploads\/2022\/01\/pfm-1.png 1780w\" sizes=\"(max-width: 900px) 100vw, 900px\" \/>\t\t\t\t\t\t\t\t<\/a>\n\t\t\t\t\t\t\t\t\t\t\t\t\t\t\t<\/div>\n\t\t\t\t<\/div>\n\t\t\t\t\t<\/div>\n\t\t<\/div>\n\t\t\t\t<div class=\"elementor-column elementor-col-66 elementor-top-column elementor-element elementor-element-aa6df2f\" data-id=\"aa6df2f\" data-element_type=\"column\" data-e-type=\"column\">\n\t\t\t<div class=\"elementor-widget-wrap elementor-element-populated\">\n\t\t\t\t\t\t<div class=\"elementor-element elementor-element-852eca0 elementor-widget elementor-widget-heading\" data-id=\"852eca0\" data-element_type=\"widget\" data-e-type=\"widget\" data-widget_type=\"heading.default\">\n\t\t\t\t<div class=\"elementor-widget-container\">\n\t\t\t\t\t<h2 class=\"elementor-heading-title elementor-size-default\"><a href=\"https:\/\/www.pfmmedical.com\/\">Pfm medical<\/a><\/h2>\t\t\t\t<\/div>\n\t\t\t\t<\/div>\n\t\t\t\t<div class=\"elementor-element elementor-element-b075a53 elementor-widget elementor-widget-text-editor\" data-id=\"b075a53\" data-element_type=\"widget\" data-e-type=\"widget\" data-widget_type=\"text-editor.default\">\n\t\t\t\t<div class=\"elementor-widget-container\">\n\t\t\t\t\t\t\t\t\t<p id=\"tw-target-text\" class=\"tw-data-text tw-text-large tw-ta\" dir=\"ltr\" data-placeholder=\"Traduction\"><span class=\"Y2IQFc\" lang=\"fr\">Pfm medical est une entreprise familiale op\u00e9rant au niveau international, bas\u00e9e en Allemagne, offrant<br \/>des solutions dans le domaine de la sant\u00e9. <br \/>Depuis 50 ans, nous d\u00e9veloppons, fabriquons et distribuons <br \/>avec succ\u00e8s des produits de qualit\u00e9, tout en offrant des <br \/>services fiables. <br \/>Depuis notre si\u00e8ge \u00e0 Cologne, nous dirigeons les activit\u00e9s de<br \/>nos sites en Allemagne et \u00e0 l&#8217;\u00e9tranger.<\/span><\/p>\t\t\t\t\t\t\t\t<\/div>\n\t\t\t\t<\/div>\n\t\t\t\t\t<\/div>\n\t\t<\/div>\n\t\t\t\t\t<\/div>\n\t\t<\/section>\n\t\t\t\t<section class=\"elementor-section elementor-top-section elementor-element elementor-element-b3a0636 elementor-section-boxed elementor-section-height-default elementor-section-height-default\" data-id=\"b3a0636\" data-element_type=\"section\" data-e-type=\"section\">\n\t\t\t\t\t\t<div class=\"elementor-container elementor-column-gap-default\">\n\t\t\t\t\t<div class=\"elementor-column elementor-col-100 elementor-top-column elementor-element elementor-element-ecb4e2e\" data-id=\"ecb4e2e\" data-element_type=\"column\" data-e-type=\"column\">\n\t\t\t<div class=\"elementor-widget-wrap elementor-element-populated\">\n\t\t\t\t\t\t<div class=\"elementor-element elementor-element-734afe5 elementor-widget-divider--view-line elementor-widget elementor-widget-divider\" data-id=\"734afe5\" data-element_type=\"widget\" data-e-type=\"widget\" data-widget_type=\"divider.default\">\n\t\t\t\t<div class=\"elementor-widget-container\">\n\t\t\t\t\t\t\t<div class=\"elementor-divider\">\n\t\t\t<span class=\"elementor-divider-separator\">\n\t\t\t\t\t\t<\/span>\n\t\t<\/div>\n\t\t\t\t\t\t<\/div>\n\t\t\t\t<\/div>\n\t\t\t\t\t<\/div>\n\t\t<\/div>\n\t\t\t\t\t<\/div>\n\t\t<\/section>\n\t\t\t\t<section class=\"elementor-section elementor-top-section elementor-element elementor-element-a34da5b elementor-section-boxed elementor-section-height-default elementor-section-height-default\" data-id=\"a34da5b\" data-element_type=\"section\" data-e-type=\"section\">\n\t\t\t\t\t\t<div class=\"elementor-container elementor-column-gap-default\">\n\t\t\t\t\t<div class=\"elementor-column elementor-col-33 elementor-top-column elementor-element elementor-element-85b14e2\" data-id=\"85b14e2\" data-element_type=\"column\" data-e-type=\"column\">\n\t\t\t<div class=\"elementor-widget-wrap elementor-element-populated\">\n\t\t\t\t\t\t<div class=\"elementor-element elementor-element-8f1dd75 elementor-widget elementor-widget-image\" data-id=\"8f1dd75\" data-element_type=\"widget\" data-e-type=\"widget\" data-widget_type=\"image.default\">\n\t\t\t\t<div class=\"elementor-widget-container\">\n\t\t\t\t\t\t\t\t\t\t\t\t\t\t\t\t<a href=\"http:\/\/www.lifetechmed.com\/en\/\">\n\t\t\t\t\t\t\t<img decoding=\"async\" width=\"300\" height=\"85\" src=\"https:\/\/dimedcare.fr\/wordpress\/wp-content\/uploads\/2021\/12\/logo-client-1.png\" class=\"attachment-large size-large wp-image-812\" alt=\"\" \/>\t\t\t\t\t\t\t\t<\/a>\n\t\t\t\t\t\t\t\t\t\t\t\t\t\t\t<\/div>\n\t\t\t\t<\/div>\n\t\t\t\t\t<\/div>\n\t\t<\/div>\n\t\t\t\t<div class=\"elementor-column elementor-col-66 elementor-top-column elementor-element elementor-element-a8736d4\" data-id=\"a8736d4\" data-element_type=\"column\" data-e-type=\"column\">\n\t\t\t<div class=\"elementor-widget-wrap elementor-element-populated\">\n\t\t\t\t\t\t<div class=\"elementor-element elementor-element-3dfeb83 elementor-widget elementor-widget-heading\" data-id=\"3dfeb83\" data-element_type=\"widget\" data-e-type=\"widget\" data-widget_type=\"heading.default\">\n\t\t\t\t<div class=\"elementor-widget-container\">\n\t\t\t\t\t<h2 class=\"elementor-heading-title elementor-size-default\"><a href=\"http:\/\/www.lifetechmed.com\/\">Lifetech Scientific<\/a><\/h2>\t\t\t\t<\/div>\n\t\t\t\t<\/div>\n\t\t\t\t<div class=\"elementor-element elementor-element-9729c60 elementor-widget elementor-widget-text-editor\" data-id=\"9729c60\" data-element_type=\"widget\" data-e-type=\"widget\" data-widget_type=\"text-editor.default\">\n\t\t\t\t<div class=\"elementor-widget-container\">\n\t\t\t\t\t\t\t\t\t<p>LifeTech Scientific Corporation est une soci\u00e9t\u00e9 sp\u00e9cialis\u00e9e dans les dispositifs m\u00e9dicaux interventionnels peu invasifs destin\u00e9s \u00e0 traiter les maladies cardio-c\u00e9r\u00e9brovasculaires et vasculaires p\u00e9riph\u00e9riques. La soci\u00e9t\u00e9 a \u00e9t\u00e9 cr\u00e9\u00e9e en 1999. Les produits innovants de la soci\u00e9t\u00e9, dont la propri\u00e9t\u00e9 intellectuelle est ind\u00e9pendante, couvrent les maladies cardiaques structurelles, les maladies vasculaires p\u00e9riph\u00e9riques, la gestion du rythme cardiaque, etc. Elle a \u00e9galement d\u00e9velopp\u00e9 la premi\u00e8re plateforme mondiale d&#8217;implant bior\u00e9sorbable. La soci\u00e9t\u00e9 a r\u00e9alis\u00e9 plusieurs perc\u00e9es technologiques dans diff\u00e9rents domaines. LifeTech Scientific poss\u00e8de des filiales et des bureaux de vente dans 6 pays du monde, et son r\u00e9seau de vente mondial couvre plus de 100 pays et r\u00e9gions.<\/p>\t\t\t\t\t\t\t\t<\/div>\n\t\t\t\t<\/div>\n\t\t\t\t\t<\/div>\n\t\t<\/div>\n\t\t\t\t\t<\/div>\n\t\t<\/section>\n\t\t\t\t<section class=\"elementor-section elementor-top-section elementor-element elementor-element-a092ad7 elementor-section-boxed elementor-section-height-default elementor-section-height-default\" data-id=\"a092ad7\" data-element_type=\"section\" data-e-type=\"section\">\n\t\t\t\t\t\t<div class=\"elementor-container elementor-column-gap-default\">\n\t\t\t\t\t<div class=\"elementor-column elementor-col-100 elementor-top-column elementor-element elementor-element-7054aaf\" data-id=\"7054aaf\" data-element_type=\"column\" data-e-type=\"column\">\n\t\t\t<div class=\"elementor-widget-wrap elementor-element-populated\">\n\t\t\t\t\t\t<div class=\"elementor-element elementor-element-c9b4e23 elementor-widget-divider--view-line elementor-widget elementor-widget-divider\" data-id=\"c9b4e23\" data-element_type=\"widget\" data-e-type=\"widget\" data-widget_type=\"divider.default\">\n\t\t\t\t<div class=\"elementor-widget-container\">\n\t\t\t\t\t\t\t<div class=\"elementor-divider\">\n\t\t\t<span class=\"elementor-divider-separator\">\n\t\t\t\t\t\t<\/span>\n\t\t<\/div>\n\t\t\t\t\t\t<\/div>\n\t\t\t\t<\/div>\n\t\t\t\t\t<\/div>\n\t\t<\/div>\n\t\t\t\t\t<\/div>\n\t\t<\/section>\n\t\t\t\t<section class=\"elementor-section elementor-top-section elementor-element elementor-element-0c43764 elementor-section-boxed elementor-section-height-default elementor-section-height-default\" data-id=\"0c43764\" data-element_type=\"section\" data-e-type=\"section\">\n\t\t\t\t\t\t<div class=\"elementor-container elementor-column-gap-default\">\n\t\t\t\t\t<div class=\"elementor-column elementor-col-33 elementor-top-column elementor-element elementor-element-f1733aa\" data-id=\"f1733aa\" data-element_type=\"column\" data-e-type=\"column\">\n\t\t\t<div class=\"elementor-widget-wrap elementor-element-populated\">\n\t\t\t\t\t\t<div class=\"elementor-element elementor-element-69daa92 elementor-widget elementor-widget-image\" data-id=\"69daa92\" data-element_type=\"widget\" data-e-type=\"widget\" data-widget_type=\"image.default\">\n\t\t\t\t<div class=\"elementor-widget-container\">\n\t\t\t\t\t\t\t\t\t\t\t\t\t\t\t\t<a href=\"https:\/\/www.osypkamed.com\/\">\n\t\t\t\t\t\t\t<img loading=\"lazy\" decoding=\"async\" width=\"433\" height=\"116\" src=\"https:\/\/dimedcare.fr\/wordpress\/wp-content\/uploads\/2021\/12\/logo-client-4.png\" class=\"attachment-large size-large wp-image-815\" alt=\"\" srcset=\"https:\/\/dimedcare.fr\/wordpress\/wp-content\/uploads\/2021\/12\/logo-client-4.png 433w, https:\/\/dimedcare.fr\/wordpress\/wp-content\/uploads\/2021\/12\/logo-client-4-300x80.png 300w\" sizes=\"(max-width: 433px) 100vw, 433px\" \/>\t\t\t\t\t\t\t\t<\/a>\n\t\t\t\t\t\t\t\t\t\t\t\t\t\t\t<\/div>\n\t\t\t\t<\/div>\n\t\t\t\t\t<\/div>\n\t\t<\/div>\n\t\t\t\t<div class=\"elementor-column elementor-col-66 elementor-top-column elementor-element elementor-element-c24366b\" data-id=\"c24366b\" data-element_type=\"column\" data-e-type=\"column\">\n\t\t\t<div class=\"elementor-widget-wrap elementor-element-populated\">\n\t\t\t\t\t\t<div class=\"elementor-element elementor-element-f3d9ccb elementor-widget elementor-widget-heading\" data-id=\"f3d9ccb\" data-element_type=\"widget\" data-e-type=\"widget\" data-widget_type=\"heading.default\">\n\t\t\t\t<div class=\"elementor-widget-container\">\n\t\t\t\t\t<h2 class=\"elementor-heading-title elementor-size-default\"><a href=\"https:\/\/www.osypkamed.com\/\">Osypka Medical<\/a><\/h2>\t\t\t\t<\/div>\n\t\t\t\t<\/div>\n\t\t\t\t<div class=\"elementor-element elementor-element-cca319f elementor-widget elementor-widget-text-editor\" data-id=\"cca319f\" data-element_type=\"widget\" data-e-type=\"widget\" data-widget_type=\"text-editor.default\">\n\t\t\t\t<div class=\"elementor-widget-container\">\n\t\t\t\t\t\t\t\t\t<p>Bas\u00e9e \u00e0 Berlin, en Allemagne, Osypka Medical a \u00e9t\u00e9 fond\u00e9e en 1986 par un groupe d&#8217;ing\u00e9nieurs biom\u00e9dicaux ambitieux. Sous la direction du jeune entrepreneur Dr. Peter Osypka, les bases des stimulateurs cardiaques temporaires et des analyseurs de syst\u00e8mes de stimulation ont \u00e9t\u00e9 pos\u00e9es.<\/p>\t\t\t\t\t\t\t\t<\/div>\n\t\t\t\t<\/div>\n\t\t\t\t\t<\/div>\n\t\t<\/div>\n\t\t\t\t\t<\/div>\n\t\t<\/section>\n\t\t\t\t<section class=\"elementor-section elementor-top-section elementor-element elementor-element-66f5f6e elementor-section-boxed elementor-section-height-default elementor-section-height-default\" data-id=\"66f5f6e\" data-element_type=\"section\" data-e-type=\"section\">\n\t\t\t\t\t\t<div class=\"elementor-container elementor-column-gap-default\">\n\t\t\t\t\t<div class=\"elementor-column elementor-col-100 elementor-top-column elementor-element elementor-element-46dd39b\" data-id=\"46dd39b\" data-element_type=\"column\" data-e-type=\"column\">\n\t\t\t<div class=\"elementor-widget-wrap elementor-element-populated\">\n\t\t\t\t\t\t<div class=\"elementor-element elementor-element-7f1a576 elementor-widget-divider--view-line elementor-widget elementor-widget-divider\" data-id=\"7f1a576\" data-element_type=\"widget\" data-e-type=\"widget\" data-widget_type=\"divider.default\">\n\t\t\t\t<div class=\"elementor-widget-container\">\n\t\t\t\t\t\t\t<div class=\"elementor-divider\">\n\t\t\t<span class=\"elementor-divider-separator\">\n\t\t\t\t\t\t<\/span>\n\t\t<\/div>\n\t\t\t\t\t\t<\/div>\n\t\t\t\t<\/div>\n\t\t\t\t\t<\/div>\n\t\t<\/div>\n\t\t\t\t\t<\/div>\n\t\t<\/section>\n\t\t\t\t<section class=\"elementor-section elementor-top-section elementor-element elementor-element-427569e elementor-section-boxed elementor-section-height-default elementor-section-height-default\" data-id=\"427569e\" data-element_type=\"section\" data-e-type=\"section\">\n\t\t\t\t\t\t<div class=\"elementor-container elementor-column-gap-default\">\n\t\t\t\t\t<div class=\"elementor-column elementor-col-50 elementor-top-column elementor-element elementor-element-3314933\" data-id=\"3314933\" data-element_type=\"column\" data-e-type=\"column\">\n\t\t\t<div class=\"elementor-widget-wrap elementor-element-populated\">\n\t\t\t\t\t\t<div class=\"elementor-element elementor-element-a5cf734 elementor-widget elementor-widget-image\" data-id=\"a5cf734\" data-element_type=\"widget\" data-e-type=\"widget\" data-widget_type=\"image.default\">\n\t\t\t\t<div class=\"elementor-widget-container\">\n\t\t\t\t\t\t\t\t\t\t\t\t\t\t\t\t<a href=\"https:\/\/www.sngbio.co.kr\/\">\n\t\t\t\t\t\t\t<img loading=\"lazy\" decoding=\"async\" width=\"460\" height=\"111\" src=\"https:\/\/dimedcare.fr\/wordpress\/wp-content\/uploads\/2023\/01\/logo.png\" class=\"attachment-large size-large wp-image-1514\" alt=\"\" srcset=\"https:\/\/dimedcare.fr\/wordpress\/wp-content\/uploads\/2023\/01\/logo.png 460w, https:\/\/dimedcare.fr\/wordpress\/wp-content\/uploads\/2023\/01\/logo-300x72.png 300w\" sizes=\"(max-width: 460px) 100vw, 460px\" \/>\t\t\t\t\t\t\t\t<\/a>\n\t\t\t\t\t\t\t\t\t\t\t\t\t\t\t<\/div>\n\t\t\t\t<\/div>\n\t\t\t\t\t<\/div>\n\t\t<\/div>\n\t\t\t\t<div class=\"elementor-column elementor-col-50 elementor-top-column elementor-element elementor-element-4af8e76\" data-id=\"4af8e76\" data-element_type=\"column\" data-e-type=\"column\">\n\t\t\t<div class=\"elementor-widget-wrap elementor-element-populated\">\n\t\t\t\t\t\t<div class=\"elementor-element elementor-element-0e98f00 elementor-widget elementor-widget-heading\" data-id=\"0e98f00\" data-element_type=\"widget\" data-e-type=\"widget\" data-widget_type=\"heading.default\">\n\t\t\t\t<div class=\"elementor-widget-container\">\n\t\t\t\t\t<h2 class=\"elementor-heading-title elementor-size-default\"><a href=\"https:\/\/www.sngbio.co.kr\/\">S&amp;G Biotech<\/a><\/h2>\t\t\t\t<\/div>\n\t\t\t\t<\/div>\n\t\t\t\t<div class=\"elementor-element elementor-element-f6ea34a elementor-widget elementor-widget-text-editor\" data-id=\"f6ea34a\" data-element_type=\"widget\" data-e-type=\"widget\" data-widget_type=\"text-editor.default\">\n\t\t\t\t<div class=\"elementor-widget-container\">\n\t\t\t\t\t\t\t\t\t<p>Contribuer \u00e0 l&#8217;am\u00e9lioration des soins de sant\u00e9 dans le monde\u00a0gr\u00e2ce aux technologies les plus innovantes et \u00e0 la m\u00e9decine.<\/p>\t\t\t\t\t\t\t\t<\/div>\n\t\t\t\t<\/div>\n\t\t\t\t\t<\/div>\n\t\t<\/div>\n\t\t\t\t\t<\/div>\n\t\t<\/section>\n\t\t\t\t<section class=\"elementor-section elementor-top-section elementor-element elementor-element-ffc617b elementor-section-boxed elementor-section-height-default elementor-section-height-default\" data-id=\"ffc617b\" data-element_type=\"section\" data-e-type=\"section\">\n\t\t\t\t\t\t<div class=\"elementor-container elementor-column-gap-default\">\n\t\t\t\t\t<div class=\"elementor-column elementor-col-100 elementor-top-column elementor-element elementor-element-ea7bef5\" data-id=\"ea7bef5\" data-element_type=\"column\" data-e-type=\"column\">\n\t\t\t<div class=\"elementor-widget-wrap elementor-element-populated\">\n\t\t\t\t\t\t<div class=\"elementor-element elementor-element-f3ddf1c elementor-widget-divider--view-line elementor-widget elementor-widget-divider\" data-id=\"f3ddf1c\" data-element_type=\"widget\" data-e-type=\"widget\" data-widget_type=\"divider.default\">\n\t\t\t\t<div class=\"elementor-widget-container\">\n\t\t\t\t\t\t\t<div class=\"elementor-divider\">\n\t\t\t<span class=\"elementor-divider-separator\">\n\t\t\t\t\t\t<\/span>\n\t\t<\/div>\n\t\t\t\t\t\t<\/div>\n\t\t\t\t<\/div>\n\t\t\t\t\t<\/div>\n\t\t<\/div>\n\t\t\t\t\t<\/div>\n\t\t<\/section>\n\t\t\t\t<section class=\"elementor-section elementor-top-section elementor-element elementor-element-fa5b64c elementor-section-boxed elementor-section-height-default elementor-section-height-default\" data-id=\"fa5b64c\" data-element_type=\"section\" data-e-type=\"section\">\n\t\t\t\t\t\t<div class=\"elementor-container elementor-column-gap-default\">\n\t\t\t\t\t<div class=\"elementor-column elementor-col-100 elementor-top-column elementor-element elementor-element-0033fd1\" data-id=\"0033fd1\" data-element_type=\"column\" data-e-type=\"column\">\n\t\t\t<div class=\"elementor-widget-wrap\">\n\t\t\t\t\t\t\t<\/div>\n\t\t<\/div>\n\t\t\t\t\t<\/div>\n\t\t<\/section>\n\t\t\t\t<\/div>\n\t\t","protected":false},"excerpt":{"rendered":"<p>Osypka Ag Fabricant Allemand de dispositifs m\u00e9dicaux sp\u00e9cialis\u00e9 en rythmologie et cardiologie. Nous d\u00e9veloppons des dispositifs m\u00e9dicaux et offrons des services qui facilitent les th\u00e9rapies et les diagnostics m\u00e9dicaux les plus modernes. Dans notre segment de march\u00e9, nous sommes le choix num\u00e9ro 1 des m\u00e9decins, des entreprises et des employ\u00e9s. Avec notre travail et nos [&hellip;]<\/p>\n","protected":false},"author":1,"featured_media":0,"parent":0,"menu_order":0,"comment_status":"closed","ping_status":"closed","template":"","meta":{"footnotes":""},"class_list":["post-563","page","type-page","status-publish","hentry"],"_links":{"self":[{"href":"https:\/\/dimedcare.fr\/wordpress\/index.php\/wp-json\/wp\/v2\/pages\/563","targetHints":{"allow":["GET"]}}],"collection":[{"href":"https:\/\/dimedcare.fr\/wordpress\/index.php\/wp-json\/wp\/v2\/pages"}],"about":[{"href":"https:\/\/dimedcare.fr\/wordpress\/index.php\/wp-json\/wp\/v2\/types\/page"}],"author":[{"embeddable":true,"href":"https:\/\/dimedcare.fr\/wordpress\/index.php\/wp-json\/wp\/v2\/users\/1"}],"replies":[{"embeddable":true,"href":"https:\/\/dimedcare.fr\/wordpress\/index.php\/wp-json\/wp\/v2\/comments?post=563"}],"version-history":[{"count":82,"href":"https:\/\/dimedcare.fr\/wordpress\/index.php\/wp-json\/wp\/v2\/pages\/563\/revisions"}],"predecessor-version":[{"id":1566,"href":"https:\/\/dimedcare.fr\/wordpress\/index.php\/wp-json\/wp\/v2\/pages\/563\/revisions\/1566"}],"wp:attachment":[{"href":"https:\/\/dimedcare.fr\/wordpress\/index.php\/wp-json\/wp\/v2\/media?parent=563"}],"curies":[{"name":"wp","href":"https:\/\/api.w.org\/{rel}","templated":true}]}}