{"id":560,"date":"2021-12-01T11:18:17","date_gmt":"2021-12-01T11:18:17","guid":{"rendered":"https:\/\/dimedcare.fr\/wordpress\/?page_id=560"},"modified":"2023-04-06T14:02:43","modified_gmt":"2023-04-06T13:02:43","slug":"anesthesie-urgence-reanimation","status":"publish","type":"page","link":"https:\/\/dimedcare.fr\/wordpress\/index.php\/anesthesie-urgence-reanimation\/","title":{"rendered":"Anesth\u00e9sie Urgence R\u00e9animation"},"content":{"rendered":"\t\t<div data-elementor-type=\"wp-page\" data-elementor-id=\"560\" class=\"elementor elementor-560\">\n\t\t\t\t\t\t<section class=\"elementor-section elementor-top-section elementor-element elementor-element-ba735af elementor-section-boxed elementor-section-height-default elementor-section-height-default\" data-id=\"ba735af\" data-element_type=\"section\" data-e-type=\"section\">\n\t\t\t\t\t\t<div class=\"elementor-container elementor-column-gap-default\">\n\t\t\t\t\t<div class=\"elementor-column elementor-col-100 elementor-top-column elementor-element elementor-element-14a9954\" data-id=\"14a9954\" data-element_type=\"column\" data-e-type=\"column\">\n\t\t\t<div class=\"elementor-widget-wrap elementor-element-populated\">\n\t\t\t\t\t\t<div class=\"elementor-element elementor-element-76ca683 elementor-widget elementor-widget-spacer\" data-id=\"76ca683\" data-element_type=\"widget\" data-e-type=\"widget\" data-widget_type=\"spacer.default\">\n\t\t\t\t<div class=\"elementor-widget-container\">\n\t\t\t\t\t\t\t<div class=\"elementor-spacer\">\n\t\t\t<div class=\"elementor-spacer-inner\"><\/div>\n\t\t<\/div>\n\t\t\t\t\t\t<\/div>\n\t\t\t\t<\/div>\n\t\t\t\t<div class=\"elementor-element elementor-element-0ce372f elementor-widget elementor-widget-heading\" data-id=\"0ce372f\" data-element_type=\"widget\" data-e-type=\"widget\" data-widget_type=\"heading.default\">\n\t\t\t\t<div class=\"elementor-widget-container\">\n\t\t\t\t\t<h2 class=\"elementor-heading-title elementor-size-default\">Anesth\u00e9sie Urgence R\u00e9animation<\/h2>\t\t\t\t<\/div>\n\t\t\t\t<\/div>\n\t\t\t\t<div class=\"elementor-element elementor-element-b2f2099 elementor-widget elementor-widget-spacer\" data-id=\"b2f2099\" data-element_type=\"widget\" data-e-type=\"widget\" data-widget_type=\"spacer.default\">\n\t\t\t\t<div class=\"elementor-widget-container\">\n\t\t\t\t\t\t\t<div class=\"elementor-spacer\">\n\t\t\t<div class=\"elementor-spacer-inner\"><\/div>\n\t\t<\/div>\n\t\t\t\t\t\t<\/div>\n\t\t\t\t<\/div>\n\t\t\t\t<div class=\"elementor-element elementor-element-fbf65a7 elementor-widget elementor-widget-text-editor\" data-id=\"fbf65a7\" data-element_type=\"widget\" data-e-type=\"widget\" data-widget_type=\"text-editor.default\">\n\t\t\t\t<div class=\"elementor-widget-container\">\n\t\t\t\t\t\t\t\t\t<p>L\u2019anesth\u00e9sie-r\u00e9animation d\u00e9signe une sp\u00e9cialit\u00e9 exerc\u00e9e au bloc op\u00e9ratoire (anesth\u00e9sie) et\/ou dans un service sp\u00e9cialis\u00e9 (r\u00e9animation).<\/p><p>Un service de r\u00e9animation accueille les patients hospitalis\u00e9s pr\u00e9sentant une d\u00e9faillance d\u2019au moins 2 fonctions vitales.<\/p><p>La r\u00e9animation contribue \u00e0 maintenir en vie les patients pr\u00e9sentant des d\u00e9faillances s\u00e9v\u00e8res. Dans ce service sp\u00e9cialis\u00e9, ils b\u00e9n\u00e9ficient d\u2019une surveillance constante.<\/p>\t\t\t\t\t\t\t\t<\/div>\n\t\t\t\t<\/div>\n\t\t\t\t\t<\/div>\n\t\t<\/div>\n\t\t\t\t\t<\/div>\n\t\t<\/section>\n\t\t\t\t<section class=\"elementor-section elementor-top-section elementor-element elementor-element-3fe0832 elementor-section-boxed elementor-section-height-default elementor-section-height-default\" data-id=\"3fe0832\" data-element_type=\"section\" data-e-type=\"section\">\n\t\t\t\t\t\t<div class=\"elementor-container elementor-column-gap-default\">\n\t\t\t\t\t<div class=\"elementor-column elementor-col-66 elementor-top-column elementor-element elementor-element-50c6caf\" data-id=\"50c6caf\" data-element_type=\"column\" data-e-type=\"column\">\n\t\t\t<div class=\"elementor-widget-wrap elementor-element-populated\">\n\t\t\t\t\t\t<div class=\"elementor-element elementor-element-95837a4 elementor-widget elementor-widget-heading\" data-id=\"95837a4\" data-element_type=\"widget\" data-e-type=\"widget\" data-widget_type=\"heading.default\">\n\t\t\t\t<div class=\"elementor-widget-container\">\n\t\t\t\t\t<h4 class=\"elementor-heading-title elementor-size-default\"><a href=\"https:\/\/www.osypkamed.com\/products\/electrical-cardiometry\/icon\/\">Moniteur h\u00e9modynamique non invasif ICON\u00ae<\/a><\/h4>\t\t\t\t<\/div>\n\t\t\t\t<\/div>\n\t\t\t\t<div class=\"elementor-element elementor-element-8590db7 elementor-widget elementor-widget-text-editor\" data-id=\"8590db7\" data-element_type=\"widget\" data-e-type=\"widget\" data-widget_type=\"text-editor.default\">\n\t\t\t\t<div class=\"elementor-widget-container\">\n\t\t\t\t\t\t\t\t\t<p>MONITEUR HEMODYNAMIQUE ICON\u00ae<\/p><p>Pour les patients adultes, de p\u00e9diatrie ou de n\u00e9onatalogie<\/p>\t\t\t\t\t\t\t\t<\/div>\n\t\t\t\t<\/div>\n\t\t\t\t\t<\/div>\n\t\t<\/div>\n\t\t\t\t<div class=\"elementor-column elementor-col-33 elementor-top-column elementor-element elementor-element-c1bee15\" data-id=\"c1bee15\" data-element_type=\"column\" data-e-type=\"column\">\n\t\t\t<div class=\"elementor-widget-wrap elementor-element-populated\">\n\t\t\t\t\t\t<div class=\"elementor-element elementor-element-aa9977d elementor-widget elementor-widget-image\" data-id=\"aa9977d\" data-element_type=\"widget\" data-e-type=\"widget\" data-widget_type=\"image.default\">\n\t\t\t\t<div class=\"elementor-widget-container\">\n\t\t\t\t\t\t\t\t\t\t\t\t\t\t\t\t<a href=\"https:\/\/www.osypkamed.com\/products\/electrical-cardiometry\/icon\/\">\n\t\t\t\t\t\t\t<img decoding=\"async\" src=\"https:\/\/www.osypkamed.com\/wp-content\/uploads\/2021\/12\/produkte-ec-ICON.png\" title=\"\" alt=\"\" loading=\"lazy\" \/>\t\t\t\t\t\t\t\t<\/a>\n\t\t\t\t\t\t\t\t\t\t\t\t\t\t\t<\/div>\n\t\t\t\t<\/div>\n\t\t\t\t\t<\/div>\n\t\t<\/div>\n\t\t\t\t\t<\/div>\n\t\t<\/section>\n\t\t\t\t<section class=\"elementor-section elementor-top-section elementor-element elementor-element-c58ee0a elementor-section-boxed elementor-section-height-default elementor-section-height-default\" data-id=\"c58ee0a\" data-element_type=\"section\" data-e-type=\"section\">\n\t\t\t\t\t\t<div class=\"elementor-container elementor-column-gap-default\">\n\t\t\t\t\t<div class=\"elementor-column elementor-col-33 elementor-top-column elementor-element elementor-element-17d8f42\" data-id=\"17d8f42\" data-element_type=\"column\" data-e-type=\"column\">\n\t\t\t<div class=\"elementor-widget-wrap elementor-element-populated\">\n\t\t\t\t\t\t<div class=\"elementor-element elementor-element-07dd045 elementor-widget elementor-widget-image\" data-id=\"07dd045\" data-element_type=\"widget\" data-e-type=\"widget\" data-widget_type=\"image.default\">\n\t\t\t\t<div class=\"elementor-widget-container\">\n\t\t\t\t\t\t\t\t\t\t\t\t\t\t\t\t<a href=\"https:\/\/www.osypkamed.com\/products\/electrical-cardiometry\/iconcore\/\">\n\t\t\t\t\t\t\t<img decoding=\"async\" src=\"https:\/\/www.osypkamed.com\/wp-content\/uploads\/2021\/12\/produkte-ec-ICONCore.png\" title=\"\" alt=\"\" loading=\"lazy\" \/>\t\t\t\t\t\t\t\t<\/a>\n\t\t\t\t\t\t\t\t\t\t\t\t\t\t\t<\/div>\n\t\t\t\t<\/div>\n\t\t\t\t\t<\/div>\n\t\t<\/div>\n\t\t\t\t<div class=\"elementor-column elementor-col-66 elementor-top-column elementor-element elementor-element-6428ff6\" data-id=\"6428ff6\" data-element_type=\"column\" data-e-type=\"column\">\n\t\t\t<div class=\"elementor-widget-wrap elementor-element-populated\">\n\t\t\t\t\t\t<div class=\"elementor-element elementor-element-f7e660b elementor-widget elementor-widget-heading\" data-id=\"f7e660b\" data-element_type=\"widget\" data-e-type=\"widget\" data-widget_type=\"heading.default\">\n\t\t\t\t<div class=\"elementor-widget-container\">\n\t\t\t\t\t<h4 class=\"elementor-heading-title elementor-size-default\"><a href=\"https:\/\/www.osypkamed.com\/products\/electrical-cardiometry\/iconcore\/\">ICONCORE\u00ae<\/a><\/h4>\t\t\t\t<\/div>\n\t\t\t\t<\/div>\n\t\t\t\t<div class=\"elementor-element elementor-element-6e6a9b3 elementor-widget elementor-widget-text-editor\" data-id=\"6e6a9b3\" data-element_type=\"widget\" data-e-type=\"widget\" data-widget_type=\"text-editor.default\">\n\t\t\t\t<div class=\"elementor-widget-container\">\n\t\t\t\t\t\t\t\t\t<p>GESTION HEMODYNAMIQUE<br \/>Electrical Cardiometry\u2122<\/p>\t\t\t\t\t\t\t\t<\/div>\n\t\t\t\t<\/div>\n\t\t\t\t\t<\/div>\n\t\t<\/div>\n\t\t\t\t\t<\/div>\n\t\t<\/section>\n\t\t\t\t<\/div>\n\t\t","protected":false},"excerpt":{"rendered":"<p>Anesth\u00e9sie Urgence R\u00e9animation L\u2019anesth\u00e9sie-r\u00e9animation d\u00e9signe une sp\u00e9cialit\u00e9 exerc\u00e9e au bloc op\u00e9ratoire (anesth\u00e9sie) et\/ou dans un service sp\u00e9cialis\u00e9 (r\u00e9animation). Un service de r\u00e9animation accueille les patients hospitalis\u00e9s pr\u00e9sentant une d\u00e9faillance d\u2019au moins 2 fonctions vitales. La r\u00e9animation contribue \u00e0 maintenir en vie les patients pr\u00e9sentant des d\u00e9faillances s\u00e9v\u00e8res. Dans ce service sp\u00e9cialis\u00e9, ils b\u00e9n\u00e9ficient d\u2019une surveillance [&hellip;]<\/p>\n","protected":false},"author":1,"featured_media":0,"parent":0,"menu_order":0,"comment_status":"closed","ping_status":"closed","template":"","meta":{"footnotes":""},"class_list":["post-560","page","type-page","status-publish","hentry"],"_links":{"self":[{"href":"https:\/\/dimedcare.fr\/wordpress\/index.php\/wp-json\/wp\/v2\/pages\/560","targetHints":{"allow":["GET"]}}],"collection":[{"href":"https:\/\/dimedcare.fr\/wordpress\/index.php\/wp-json\/wp\/v2\/pages"}],"about":[{"href":"https:\/\/dimedcare.fr\/wordpress\/index.php\/wp-json\/wp\/v2\/types\/page"}],"author":[{"embeddable":true,"href":"https:\/\/dimedcare.fr\/wordpress\/index.php\/wp-json\/wp\/v2\/users\/1"}],"replies":[{"embeddable":true,"href":"https:\/\/dimedcare.fr\/wordpress\/index.php\/wp-json\/wp\/v2\/comments?post=560"}],"version-history":[{"count":13,"href":"https:\/\/dimedcare.fr\/wordpress\/index.php\/wp-json\/wp\/v2\/pages\/560\/revisions"}],"predecessor-version":[{"id":1447,"href":"https:\/\/dimedcare.fr\/wordpress\/index.php\/wp-json\/wp\/v2\/pages\/560\/revisions\/1447"}],"wp:attachment":[{"href":"https:\/\/dimedcare.fr\/wordpress\/index.php\/wp-json\/wp\/v2\/media?parent=560"}],"curies":[{"name":"wp","href":"https:\/\/api.w.org\/{rel}","templated":true}]}}