{"id":559,"date":"2021-12-01T11:18:17","date_gmt":"2021-12-01T11:18:17","guid":{"rendered":"https:\/\/dimedcare.fr\/wordpress\/?page_id=559"},"modified":"2023-08-04T08:44:32","modified_gmt":"2023-08-04T07:44:32","slug":"radiologie-vasculaire-interventionnelle","status":"publish","type":"page","link":"https:\/\/dimedcare.fr\/wordpress\/index.php\/radiologie-vasculaire-interventionnelle\/","title":{"rendered":"Radiologie Interventionnelle"},"content":{"rendered":"\t\t<div data-elementor-type=\"wp-page\" data-elementor-id=\"559\" class=\"elementor elementor-559\">\n\t\t\t\t\t\t<section class=\"elementor-section elementor-top-section elementor-element elementor-element-fb4467c elementor-section-boxed elementor-section-height-default elementor-section-height-default\" data-id=\"fb4467c\" data-element_type=\"section\" data-e-type=\"section\">\n\t\t\t\t\t\t<div class=\"elementor-container elementor-column-gap-default\">\n\t\t\t\t\t<div class=\"elementor-column elementor-col-100 elementor-top-column elementor-element elementor-element-d2cd671\" data-id=\"d2cd671\" data-element_type=\"column\" data-e-type=\"column\">\n\t\t\t<div class=\"elementor-widget-wrap elementor-element-populated\">\n\t\t\t\t\t\t<div class=\"elementor-element elementor-element-aad9410 elementor-widget elementor-widget-spacer\" data-id=\"aad9410\" data-element_type=\"widget\" data-e-type=\"widget\" data-widget_type=\"spacer.default\">\n\t\t\t\t<div class=\"elementor-widget-container\">\n\t\t\t\t\t\t\t<div class=\"elementor-spacer\">\n\t\t\t<div class=\"elementor-spacer-inner\"><\/div>\n\t\t<\/div>\n\t\t\t\t\t\t<\/div>\n\t\t\t\t<\/div>\n\t\t\t\t<div class=\"elementor-element elementor-element-dcbee14 elementor-widget elementor-widget-heading\" data-id=\"dcbee14\" data-element_type=\"widget\" data-e-type=\"widget\" data-widget_type=\"heading.default\">\n\t\t\t\t<div class=\"elementor-widget-container\">\n\t\t\t\t\t<h2 class=\"elementor-heading-title elementor-size-default\">Radiologie Interventionnelle<\/h2>\t\t\t\t<\/div>\n\t\t\t\t<\/div>\n\t\t\t\t<div class=\"elementor-element elementor-element-67c847e elementor-widget elementor-widget-text-editor\" data-id=\"67c847e\" data-element_type=\"widget\" data-e-type=\"widget\" data-widget_type=\"text-editor.default\">\n\t\t\t\t<div class=\"elementor-widget-container\">\n\t\t\t\t\t\t\t\t\t<p>La radiologie interventionelle\u00a0est une sp\u00e9cialit\u00e9 de la radiologie. Elle d\u00e9signe l\u2019ensemble des actes m\u00e9dicaux r\u00e9alis\u00e9s par des radiologues et sous contr\u00f4le radiologique, permettant le traitement ou le diagnostic invasif (examen invasif) de nombreuses pathologies. Le principe de la radiologie interventionnelle est donc d\u2019acc\u00e9der \u00e0 une l\u00e9sion situ\u00e9e \u00e0 l\u2019int\u00e9rieur de l\u2019organisme pour effectuer un acte diagnostique (pr\u00e9l\u00e8vement par exemple) ou th\u00e9rapeutique (visant \u00e0 soigner, r\u00e9parer, refermer\u2026).<\/p>\t\t\t\t\t\t\t\t<\/div>\n\t\t\t\t<\/div>\n\t\t\t\t\t<\/div>\n\t\t<\/div>\n\t\t\t\t\t<\/div>\n\t\t<\/section>\n\t\t\t\t<section class=\"elementor-section elementor-top-section elementor-element elementor-element-ea1efad elementor-section-boxed elementor-section-height-default elementor-section-height-default\" data-id=\"ea1efad\" data-element_type=\"section\" data-e-type=\"section\">\n\t\t\t\t\t\t<div class=\"elementor-container elementor-column-gap-default\">\n\t\t\t\t\t<div class=\"elementor-column elementor-col-33 elementor-top-column elementor-element elementor-element-8a24aa6\" data-id=\"8a24aa6\" data-element_type=\"column\" data-e-type=\"column\">\n\t\t\t<div class=\"elementor-widget-wrap elementor-element-populated\">\n\t\t\t\t\t\t<div class=\"elementor-element elementor-element-92f5cf8 elementor-widget elementor-widget-image\" data-id=\"92f5cf8\" data-element_type=\"widget\" data-e-type=\"widget\" data-widget_type=\"image.default\">\n\t\t\t\t<div class=\"elementor-widget-container\">\n\t\t\t\t\t\t\t\t\t\t\t\t\t\t\t\t<a href=\"https:\/\/dimedcare.fr\/wordpress\/index.php\/egis-implant-plastie-endocanalaire\/\">\n\t\t\t\t\t\t\t<img decoding=\"async\" width=\"186\" height=\"224\" src=\"https:\/\/dimedcare.fr\/wordpress\/wp-content\/uploads\/2023\/01\/doubleB.png\" class=\"attachment-large size-large wp-image-1518\" alt=\"\" \/>\t\t\t\t\t\t\t\t<\/a>\n\t\t\t\t\t\t\t\t\t\t\t\t\t\t\t<\/div>\n\t\t\t\t<\/div>\n\t\t\t\t\t<\/div>\n\t\t<\/div>\n\t\t\t\t<div class=\"elementor-column elementor-col-66 elementor-top-column elementor-element elementor-element-07efb0f\" data-id=\"07efb0f\" data-element_type=\"column\" data-e-type=\"column\">\n\t\t\t<div class=\"elementor-widget-wrap elementor-element-populated\">\n\t\t\t\t\t\t<div class=\"elementor-element elementor-element-c5414ea elementor-widget elementor-widget-heading\" data-id=\"c5414ea\" data-element_type=\"widget\" data-e-type=\"widget\" data-widget_type=\"heading.default\">\n\t\t\t\t<div class=\"elementor-widget-container\">\n\t\t\t\t\t<h4 class=\"elementor-heading-title elementor-size-medium\"><a href=\"https:\/\/dimedcare.fr\/wordpress\/index.php\/egis-implant-plastie-endocanalaire\/\">Stent biliaire EGIS<\/a><\/h4>\t\t\t\t<\/div>\n\t\t\t\t<\/div>\n\t\t\t\t<div class=\"elementor-element elementor-element-d0fecc0 elementor-widget elementor-widget-text-editor\" data-id=\"d0fecc0\" data-element_type=\"widget\" data-e-type=\"widget\" data-widget_type=\"text-editor.default\">\n\t\t\t\t<div class=\"elementor-widget-container\">\n\t\t\t\t\t\t\t\t\t<p>Large gamme de stents avec des b\u00e9n\u00e9fices patients<\/p><p>Nue, partiellement couvert ou couvert<\/p><p>Double maillage, membrane en PTFE extensible<\/p>\t\t\t\t\t\t\t\t<\/div>\n\t\t\t\t<\/div>\n\t\t\t\t\t<\/div>\n\t\t<\/div>\n\t\t\t\t\t<\/div>\n\t\t<\/section>\n\t\t\t\t<section class=\"elementor-section elementor-top-section elementor-element elementor-element-5f6f97d elementor-section-boxed elementor-section-height-default elementor-section-height-default\" data-id=\"5f6f97d\" data-element_type=\"section\" data-e-type=\"section\">\n\t\t\t\t\t\t<div class=\"elementor-container elementor-column-gap-default\">\n\t\t\t\t\t<div class=\"elementor-column elementor-col-66 elementor-top-column elementor-element elementor-element-88039c3\" data-id=\"88039c3\" data-element_type=\"column\" data-e-type=\"column\">\n\t\t\t<div class=\"elementor-widget-wrap elementor-element-populated\">\n\t\t\t\t\t\t<div class=\"elementor-element elementor-element-52daf05 elementor-widget elementor-widget-heading\" data-id=\"52daf05\" data-element_type=\"widget\" data-e-type=\"widget\" data-widget_type=\"heading.default\">\n\t\t\t\t<div class=\"elementor-widget-container\">\n\t\t\t\t\t<h2 class=\"elementor-heading-title elementor-size-medium\"><a href=\"https:\/\/qmedics.ch\/products\/liquid-embolisation-system\/easyx-liquid-embolisation-system\/\"><h4 class=\"elementor-heading-title elementor-size-default elementor-inline-editing pen\" data-elementor-setting-key=\"title\" data-pen-placeholder=\"\u00c9crivez ici...\" style=\"font-family: var( --e-global-typography-primary-font-family ), Sans-serif;font-weight: var( --e-global-typography-primary-font-weight )\"><span style=\"color: var( --e-global-color-primary );font-family: var( --e-global-typography-primary-font-family ), Sans-serif;font-weight: var( --e-global-typography-primary-font-weight )\">Lasso de r\u00e9cup\u00e9ration double boucle<\/span><br><\/h4><\/a><\/h2>\t\t\t\t<\/div>\n\t\t\t\t<\/div>\n\t\t\t\t<div class=\"elementor-element elementor-element-ce47146 elementor-widget elementor-widget-text-editor\" data-id=\"ce47146\" data-element_type=\"widget\" data-e-type=\"widget\" data-widget_type=\"text-editor.default\">\n\t\t\t\t<div class=\"elementor-widget-container\">\n\t\t\t\t\t\t\t\t\t<p>Optimisation de la r\u00e9cup\u00e9ration &#8211; Unique<\/p>\t\t\t\t\t\t\t\t<\/div>\n\t\t\t\t<\/div>\n\t\t\t\t\t<\/div>\n\t\t<\/div>\n\t\t\t\t<div class=\"elementor-column elementor-col-33 elementor-top-column elementor-element elementor-element-9cba229\" data-id=\"9cba229\" data-element_type=\"column\" data-e-type=\"column\">\n\t\t\t<div class=\"elementor-widget-wrap elementor-element-populated\">\n\t\t\t\t\t\t<div class=\"elementor-element elementor-element-8b7cf48 elementor-widget elementor-widget-image\" data-id=\"8b7cf48\" data-element_type=\"widget\" data-e-type=\"widget\" data-widget_type=\"image.default\">\n\t\t\t\t<div class=\"elementor-widget-container\">\n\t\t\t\t\t\t\t\t\t\t\t\t\t\t\t<img decoding=\"async\" width=\"156\" height=\"300\" src=\"https:\/\/dimedcare.fr\/wordpress\/wp-content\/uploads\/2022\/04\/sanre-156x300.jpg\" class=\"attachment-medium size-medium wp-image-1274\" alt=\"\" srcset=\"https:\/\/dimedcare.fr\/wordpress\/wp-content\/uploads\/2022\/04\/sanre-156x300.jpg 156w, https:\/\/dimedcare.fr\/wordpress\/wp-content\/uploads\/2022\/04\/sanre.jpg 487w\" sizes=\"(max-width: 156px) 100vw, 156px\" \/>\t\t\t\t\t\t\t\t\t\t\t\t\t\t\t<\/div>\n\t\t\t\t<\/div>\n\t\t\t\t\t<\/div>\n\t\t<\/div>\n\t\t\t\t\t<\/div>\n\t\t<\/section>\n\t\t\t\t<section class=\"elementor-section elementor-top-section elementor-element elementor-element-afb2046 elementor-section-boxed elementor-section-height-default elementor-section-height-default\" data-id=\"afb2046\" data-element_type=\"section\" data-e-type=\"section\">\n\t\t\t\t\t\t<div class=\"elementor-container elementor-column-gap-default\">\n\t\t\t\t\t<div class=\"elementor-column elementor-col-33 elementor-top-column elementor-element elementor-element-6d2fdca\" data-id=\"6d2fdca\" data-element_type=\"column\" data-e-type=\"column\">\n\t\t\t<div class=\"elementor-widget-wrap elementor-element-populated\">\n\t\t\t\t\t\t<div class=\"elementor-element elementor-element-7aa3576 elementor-widget elementor-widget-image\" data-id=\"7aa3576\" data-element_type=\"widget\" data-e-type=\"widget\" data-widget_type=\"image.default\">\n\t\t\t\t<div class=\"elementor-widget-container\">\n\t\t\t\t\t\t\t\t\t\t\t\t\t\t\t<img fetchpriority=\"high\" decoding=\"async\" width=\"300\" height=\"300\" src=\"https:\/\/dimedcare.fr\/wordpress\/wp-content\/uploads\/2022\/11\/1743r2vxj6-300x300.png\" class=\"attachment-medium size-medium wp-image-1493\" alt=\"\" srcset=\"https:\/\/dimedcare.fr\/wordpress\/wp-content\/uploads\/2022\/11\/1743r2vxj6-300x300.png 300w, https:\/\/dimedcare.fr\/wordpress\/wp-content\/uploads\/2022\/11\/1743r2vxj6-150x150.png 150w, https:\/\/dimedcare.fr\/wordpress\/wp-content\/uploads\/2022\/11\/1743r2vxj6.png 410w\" sizes=\"(max-width: 300px) 100vw, 300px\" \/>\t\t\t\t\t\t\t\t\t\t\t\t\t\t\t<\/div>\n\t\t\t\t<\/div>\n\t\t\t\t\t<\/div>\n\t\t<\/div>\n\t\t\t\t<div class=\"elementor-column elementor-col-66 elementor-top-column elementor-element elementor-element-055e59c\" data-id=\"055e59c\" data-element_type=\"column\" data-e-type=\"column\">\n\t\t\t<div class=\"elementor-widget-wrap elementor-element-populated\">\n\t\t\t\t\t\t<div class=\"elementor-element elementor-element-0d4355c elementor-widget elementor-widget-heading\" data-id=\"0d4355c\" data-element_type=\"widget\" data-e-type=\"widget\" data-widget_type=\"heading.default\">\n\t\t\t\t<div class=\"elementor-widget-container\">\n\t\t\t\t\t<h2 class=\"elementor-heading-title elementor-size-medium\">Gaine de navigation orientable <\/h2>\t\t\t\t<\/div>\n\t\t\t\t<\/div>\n\t\t\t\t<div class=\"elementor-element elementor-element-274727d elementor-widget elementor-widget-text-editor\" data-id=\"274727d\" data-element_type=\"widget\" data-e-type=\"widget\" data-widget_type=\"text-editor.default\">\n\t\t\t\t<div class=\"elementor-widget-container\">\n\t\t\t\t\t\t\t\t\t<p>Fustar<\/p><p>Syst\u00e8me de navigation orientable de 0 \u00e0 160\u00b0 permettant de monter son guide lors d\u2019intervention avec des localisation ou des angulations difficiles.<\/p><p>\u00a0<\/p><p>Toutes tailles\u00a0: de 5F \u00e0 14F<\/p><p>\u00a0<\/p><p>Toutes Longueurs\u00a0: 550 \/ 700 \/ 800 \/900 mm (longueur utile)<\/p>\t\t\t\t\t\t\t\t<\/div>\n\t\t\t\t<\/div>\n\t\t\t\t\t<\/div>\n\t\t<\/div>\n\t\t\t\t\t<\/div>\n\t\t<\/section>\n\t\t\t\t<section class=\"elementor-section elementor-top-section elementor-element elementor-element-68e4b2a elementor-section-boxed elementor-section-height-default elementor-section-height-default\" data-id=\"68e4b2a\" data-element_type=\"section\" data-e-type=\"section\">\n\t\t\t\t\t\t<div class=\"elementor-container elementor-column-gap-default\">\n\t\t\t\t\t<div class=\"elementor-column elementor-col-66 elementor-top-column elementor-element elementor-element-8e06470\" data-id=\"8e06470\" data-element_type=\"column\" data-e-type=\"column\">\n\t\t\t<div class=\"elementor-widget-wrap elementor-element-populated\">\n\t\t\t\t\t\t<div class=\"elementor-element elementor-element-616ae5e elementor-widget elementor-widget-heading\" data-id=\"616ae5e\" data-element_type=\"widget\" data-e-type=\"widget\" data-widget_type=\"heading.default\">\n\t\t\t\t<div class=\"elementor-widget-container\">\n\t\t\t\t\t<h2 class=\"elementor-heading-title elementor-size-medium\">Plug d'embolisation vasculaire membran\u00e9<\/h2>\t\t\t\t<\/div>\n\t\t\t\t<\/div>\n\t\t\t\t<div class=\"elementor-element elementor-element-c7f7167 elementor-widget elementor-widget-text-editor\" data-id=\"c7f7167\" data-element_type=\"widget\" data-e-type=\"widget\" data-widget_type=\"text-editor.default\">\n\t\t\t\t<div class=\"elementor-widget-container\">\n\t\t\t\t\t\t\t\t\t<p>CeraPlug est muni de trois membranes en PTFE.<\/p><p>Disponible de 4 mm \u00e0 24 mm de diam\u00e8tre<\/p>\t\t\t\t\t\t\t\t<\/div>\n\t\t\t\t<\/div>\n\t\t\t\t\t<\/div>\n\t\t<\/div>\n\t\t\t\t<div class=\"elementor-column elementor-col-33 elementor-top-column elementor-element elementor-element-16ac4b5\" data-id=\"16ac4b5\" data-element_type=\"column\" data-e-type=\"column\">\n\t\t\t<div class=\"elementor-widget-wrap elementor-element-populated\">\n\t\t\t\t\t\t<div class=\"elementor-element elementor-element-9399862 elementor-widget elementor-widget-image\" data-id=\"9399862\" data-element_type=\"widget\" data-e-type=\"widget\" data-widget_type=\"image.default\">\n\t\t\t\t<div class=\"elementor-widget-container\">\n\t\t\t\t\t\t\t\t\t\t\t\t\t\t\t\t<a href=\"https:\/\/youtu.be\/zD7u6bG3FMA\">\n\t\t\t\t\t\t\t<img loading=\"lazy\" decoding=\"async\" width=\"287\" height=\"300\" src=\"https:\/\/dimedcare.fr\/wordpress\/wp-content\/uploads\/2022\/11\/Images-of-plug2-287x300.jpg\" class=\"attachment-medium size-medium wp-image-1490\" alt=\"\" srcset=\"https:\/\/dimedcare.fr\/wordpress\/wp-content\/uploads\/2022\/11\/Images-of-plug2-287x300.jpg 287w, https:\/\/dimedcare.fr\/wordpress\/wp-content\/uploads\/2022\/11\/Images-of-plug2-980x1024.jpg 980w, https:\/\/dimedcare.fr\/wordpress\/wp-content\/uploads\/2022\/11\/Images-of-plug2-768x803.jpg 768w, https:\/\/dimedcare.fr\/wordpress\/wp-content\/uploads\/2022\/11\/Images-of-plug2-1469x1536.jpg 1469w, https:\/\/dimedcare.fr\/wordpress\/wp-content\/uploads\/2022\/11\/Images-of-plug2-1959x2048.jpg 1959w\" sizes=\"(max-width: 287px) 100vw, 287px\" \/>\t\t\t\t\t\t\t\t<\/a>\n\t\t\t\t\t\t\t\t\t\t\t\t\t\t\t<\/div>\n\t\t\t\t<\/div>\n\t\t\t\t\t<\/div>\n\t\t<\/div>\n\t\t\t\t\t<\/div>\n\t\t<\/section>\n\t\t\t\t<section class=\"elementor-section elementor-top-section elementor-element elementor-element-42aaca1 elementor-section-boxed elementor-section-height-default elementor-section-height-default\" data-id=\"42aaca1\" data-element_type=\"section\" data-e-type=\"section\">\n\t\t\t\t\t\t<div class=\"elementor-container elementor-column-gap-default\">\n\t\t\t\t\t<div class=\"elementor-column elementor-col-50 elementor-top-column elementor-element elementor-element-5bbc1c7\" data-id=\"5bbc1c7\" data-element_type=\"column\" data-e-type=\"column\">\n\t\t\t<div class=\"elementor-widget-wrap elementor-element-populated\">\n\t\t\t\t\t\t<div class=\"elementor-element elementor-element-bafbff9 elementor-widget elementor-widget-image\" data-id=\"bafbff9\" data-element_type=\"widget\" data-e-type=\"widget\" data-widget_type=\"image.default\">\n\t\t\t\t<div class=\"elementor-widget-container\">\n\t\t\t\t\t\t\t\t\t\t\t\t\t\t\t<img loading=\"lazy\" decoding=\"async\" width=\"615\" height=\"289\" src=\"https:\/\/dimedcare.fr\/wordpress\/wp-content\/uploads\/2022\/11\/Capture-decran-2022-11-28-223807.png\" class=\"attachment-large size-large wp-image-1483\" alt=\"\" srcset=\"https:\/\/dimedcare.fr\/wordpress\/wp-content\/uploads\/2022\/11\/Capture-decran-2022-11-28-223807.png 615w, https:\/\/dimedcare.fr\/wordpress\/wp-content\/uploads\/2022\/11\/Capture-decran-2022-11-28-223807-300x141.png 300w\" sizes=\"(max-width: 615px) 100vw, 615px\" \/>\t\t\t\t\t\t\t\t\t\t\t\t\t\t\t<\/div>\n\t\t\t\t<\/div>\n\t\t\t\t\t<\/div>\n\t\t<\/div>\n\t\t\t\t<div class=\"elementor-column elementor-col-50 elementor-top-column elementor-element elementor-element-f9ed47d\" data-id=\"f9ed47d\" data-element_type=\"column\" data-e-type=\"column\">\n\t\t\t<div class=\"elementor-widget-wrap elementor-element-populated\">\n\t\t\t\t\t\t<div class=\"elementor-element elementor-element-2893acc elementor-widget elementor-widget-heading\" data-id=\"2893acc\" data-element_type=\"widget\" data-e-type=\"widget\" data-widget_type=\"heading.default\">\n\t\t\t\t<div class=\"elementor-widget-container\">\n\t\t\t\t\t<h2 class=\"elementor-heading-title elementor-size-medium\">Pince de pr\u00e9hension vasculaire<\/h2>\t\t\t\t<\/div>\n\t\t\t\t<\/div>\n\t\t\t\t<div class=\"elementor-element elementor-element-1556738 elementor-widget elementor-widget-text-editor\" data-id=\"1556738\" data-element_type=\"widget\" data-e-type=\"widget\" data-widget_type=\"text-editor.default\">\n\t\t\t\t<div class=\"elementor-widget-container\">\n\t\t\t\t\t\t\t\t\t<p>Unique sur le march\u00e9 pour la s\u00e9curit\u00e9 des interventions<\/p>\t\t\t\t\t\t\t\t<\/div>\n\t\t\t\t<\/div>\n\t\t\t\t\t<\/div>\n\t\t<\/div>\n\t\t\t\t\t<\/div>\n\t\t<\/section>\n\t\t\t\t<section class=\"elementor-section elementor-top-section elementor-element elementor-element-4456fda elementor-section-boxed elementor-section-height-default elementor-section-height-default\" data-id=\"4456fda\" data-element_type=\"section\" data-e-type=\"section\">\n\t\t\t\t\t\t<div class=\"elementor-container elementor-column-gap-default\">\n\t\t\t\t\t<div class=\"elementor-column elementor-col-66 elementor-top-column elementor-element elementor-element-7267df9\" data-id=\"7267df9\" data-element_type=\"column\" data-e-type=\"column\">\n\t\t\t<div class=\"elementor-widget-wrap\">\n\t\t\t\t\t\t\t<\/div>\n\t\t<\/div>\n\t\t\t\t<div class=\"elementor-column elementor-col-33 elementor-top-column elementor-element elementor-element-fb24dc1\" data-id=\"fb24dc1\" data-element_type=\"column\" data-e-type=\"column\">\n\t\t\t<div class=\"elementor-widget-wrap\">\n\t\t\t\t\t\t\t<\/div>\n\t\t<\/div>\n\t\t\t\t\t<\/div>\n\t\t<\/section>\n\t\t\t\t<\/div>\n\t\t","protected":false},"excerpt":{"rendered":"<p>Radiologie Interventionnelle La radiologie interventionelle\u00a0est une sp\u00e9cialit\u00e9 de la radiologie. Elle d\u00e9signe l\u2019ensemble des actes m\u00e9dicaux r\u00e9alis\u00e9s par des radiologues et sous contr\u00f4le radiologique, permettant le traitement ou le diagnostic invasif (examen invasif) de nombreuses pathologies. Le principe de la radiologie interventionnelle est donc d\u2019acc\u00e9der \u00e0 une l\u00e9sion situ\u00e9e \u00e0 l\u2019int\u00e9rieur de l\u2019organisme pour effectuer [&hellip;]<\/p>\n","protected":false},"author":1,"featured_media":0,"parent":0,"menu_order":0,"comment_status":"closed","ping_status":"closed","template":"","meta":{"footnotes":""},"class_list":["post-559","page","type-page","status-publish","hentry"],"_links":{"self":[{"href":"https:\/\/dimedcare.fr\/wordpress\/index.php\/wp-json\/wp\/v2\/pages\/559","targetHints":{"allow":["GET"]}}],"collection":[{"href":"https:\/\/dimedcare.fr\/wordpress\/index.php\/wp-json\/wp\/v2\/pages"}],"about":[{"href":"https:\/\/dimedcare.fr\/wordpress\/index.php\/wp-json\/wp\/v2\/types\/page"}],"author":[{"embeddable":true,"href":"https:\/\/dimedcare.fr\/wordpress\/index.php\/wp-json\/wp\/v2\/users\/1"}],"replies":[{"embeddable":true,"href":"https:\/\/dimedcare.fr\/wordpress\/index.php\/wp-json\/wp\/v2\/comments?post=559"}],"version-history":[{"count":53,"href":"https:\/\/dimedcare.fr\/wordpress\/index.php\/wp-json\/wp\/v2\/pages\/559\/revisions"}],"predecessor-version":[{"id":1563,"href":"https:\/\/dimedcare.fr\/wordpress\/index.php\/wp-json\/wp\/v2\/pages\/559\/revisions\/1563"}],"wp:attachment":[{"href":"https:\/\/dimedcare.fr\/wordpress\/index.php\/wp-json\/wp\/v2\/media?parent=559"}],"curies":[{"name":"wp","href":"https:\/\/api.w.org\/{rel}","templated":true}]}}