{"id":557,"date":"2021-12-01T11:18:17","date_gmt":"2021-12-01T11:18:17","guid":{"rendered":"https:\/\/dimedcare.fr\/wordpress\/?page_id=557"},"modified":"2022-04-20T19:46:38","modified_gmt":"2022-04-20T18:46:38","slug":"nos-produits","status":"publish","type":"page","link":"https:\/\/dimedcare.fr\/wordpress\/index.php\/nos-produits\/","title":{"rendered":"Nos produits"},"content":{"rendered":"\t\t<div data-elementor-type=\"wp-page\" data-elementor-id=\"557\" class=\"elementor elementor-557\">\n\t\t\t\t\t\t<section class=\"elementor-section elementor-top-section elementor-element elementor-element-6cb279c elementor-section-boxed elementor-section-height-default elementor-section-height-default\" data-id=\"6cb279c\" data-element_type=\"section\" data-e-type=\"section\">\n\t\t\t\t\t\t<div class=\"elementor-container elementor-column-gap-default\">\n\t\t\t\t\t<div class=\"elementor-column elementor-col-100 elementor-top-column elementor-element elementor-element-1caf42a\" data-id=\"1caf42a\" data-element_type=\"column\" data-e-type=\"column\">\n\t\t\t<div class=\"elementor-widget-wrap elementor-element-populated\">\n\t\t\t\t\t\t<div class=\"elementor-element elementor-element-f5d1314 elementor-widget elementor-widget-spacer\" data-id=\"f5d1314\" data-element_type=\"widget\" data-e-type=\"widget\" data-widget_type=\"spacer.default\">\n\t\t\t\t<div class=\"elementor-widget-container\">\n\t\t\t\t\t\t\t<div class=\"elementor-spacer\">\n\t\t\t<div class=\"elementor-spacer-inner\"><\/div>\n\t\t<\/div>\n\t\t\t\t\t\t<\/div>\n\t\t\t\t<\/div>\n\t\t\t\t\t<\/div>\n\t\t<\/div>\n\t\t\t\t\t<\/div>\n\t\t<\/section>\n\t\t\t\t<section class=\"elementor-section elementor-top-section elementor-element elementor-element-c7db756 elementor-section-boxed elementor-section-height-default elementor-section-height-default\" data-id=\"c7db756\" data-element_type=\"section\" data-e-type=\"section\">\n\t\t\t\t\t\t<div class=\"elementor-container elementor-column-gap-default\">\n\t\t\t\t\t<div class=\"elementor-column elementor-col-33 elementor-top-column elementor-element elementor-element-b9db941\" data-id=\"b9db941\" data-element_type=\"column\" data-e-type=\"column\">\n\t\t\t<div class=\"elementor-widget-wrap elementor-element-populated\">\n\t\t\t\t\t\t<div class=\"elementor-element elementor-element-ea60f80 elementor-widget elementor-widget-image\" data-id=\"ea60f80\" data-element_type=\"widget\" data-e-type=\"widget\" data-widget_type=\"image.default\">\n\t\t\t\t<div class=\"elementor-widget-container\">\n\t\t\t\t\t\t\t\t\t\t\t\t\t\t\t<img fetchpriority=\"high\" decoding=\"async\" width=\"900\" height=\"600\" src=\"https:\/\/dimedcare.fr\/wordpress\/wp-content\/uploads\/2022\/04\/Depositphotos_4794186_L-1024x683.jpg\" class=\"attachment-large size-large wp-image-1226\" alt=\"\" srcset=\"https:\/\/dimedcare.fr\/wordpress\/wp-content\/uploads\/2022\/04\/Depositphotos_4794186_L-1024x683.jpg 1024w, https:\/\/dimedcare.fr\/wordpress\/wp-content\/uploads\/2022\/04\/Depositphotos_4794186_L-300x200.jpg 300w, https:\/\/dimedcare.fr\/wordpress\/wp-content\/uploads\/2022\/04\/Depositphotos_4794186_L-768x512.jpg 768w, https:\/\/dimedcare.fr\/wordpress\/wp-content\/uploads\/2022\/04\/Depositphotos_4794186_L-1536x1024.jpg 1536w, https:\/\/dimedcare.fr\/wordpress\/wp-content\/uploads\/2022\/04\/Depositphotos_4794186_L-2048x1365.jpg 2048w\" sizes=\"(max-width: 900px) 100vw, 900px\" \/>\t\t\t\t\t\t\t\t\t\t\t\t\t\t\t<\/div>\n\t\t\t\t<\/div>\n\t\t\t\t\t<\/div>\n\t\t<\/div>\n\t\t\t\t<div class=\"elementor-column elementor-col-66 elementor-top-column elementor-element elementor-element-e38e353\" data-id=\"e38e353\" data-element_type=\"column\" data-e-type=\"column\">\n\t\t\t<div class=\"elementor-widget-wrap elementor-element-populated\">\n\t\t\t\t\t\t<div class=\"elementor-element elementor-element-f01e290 elementor-widget elementor-widget-heading\" data-id=\"f01e290\" data-element_type=\"widget\" data-e-type=\"widget\" data-widget_type=\"heading.default\">\n\t\t\t\t<div class=\"elementor-widget-container\">\n\t\t\t\t\t<h2 class=\"elementor-heading-title elementor-size-default\"><a href=\"https:\/\/dimedcare.fr\/wordpress\/index.php\/cardiologie-interventionnelle-et-chirurgicale\/\">Cardiologie Interventionnelle et Chirurgicale<\/a><\/h2>\t\t\t\t<\/div>\n\t\t\t\t<\/div>\n\t\t\t\t<div class=\"elementor-element elementor-element-a926eb9 elementor-widget elementor-widget-text-editor\" data-id=\"a926eb9\" data-element_type=\"widget\" data-e-type=\"widget\" data-widget_type=\"text-editor.default\">\n\t\t\t\t<div class=\"elementor-widget-container\">\n\t\t\t\t\t\t\t\t\t<p>La cardiologie interventionnelle est une application particuli\u00e8re du cath\u00e9t\u00e9risme endo-vasculaire. Un cath\u00e9ter est introduit sans incision par simple ponction \u00e0 travers la peau,\u00a0dans le r\u00e9seau vasculaire, art\u00e9riel ou veineux, et men\u00e9, sous contr\u00f4le radiologique jusqu&#8217;\u00e0 la cavit\u00e9, la valve\u00a0ou l&#8217;art\u00e8re \u00e0 traiter.<\/p>\t\t\t\t\t\t\t\t<\/div>\n\t\t\t\t<\/div>\n\t\t\t\t\t<\/div>\n\t\t<\/div>\n\t\t\t\t\t<\/div>\n\t\t<\/section>\n\t\t\t\t<section class=\"elementor-section elementor-top-section elementor-element elementor-element-f3cf902 elementor-section-boxed elementor-section-height-default elementor-section-height-default\" data-id=\"f3cf902\" data-element_type=\"section\" data-e-type=\"section\">\n\t\t\t\t\t\t<div class=\"elementor-container elementor-column-gap-default\">\n\t\t\t\t\t<div class=\"elementor-column elementor-col-100 elementor-top-column elementor-element elementor-element-d80d802\" data-id=\"d80d802\" data-element_type=\"column\" data-e-type=\"column\">\n\t\t\t<div class=\"elementor-widget-wrap elementor-element-populated\">\n\t\t\t\t\t\t<div class=\"elementor-element elementor-element-8a7cc4a elementor-widget-divider--view-line elementor-widget elementor-widget-divider\" data-id=\"8a7cc4a\" data-element_type=\"widget\" data-e-type=\"widget\" data-widget_type=\"divider.default\">\n\t\t\t\t<div class=\"elementor-widget-container\">\n\t\t\t\t\t\t\t<div class=\"elementor-divider\">\n\t\t\t<span class=\"elementor-divider-separator\">\n\t\t\t\t\t\t<\/span>\n\t\t<\/div>\n\t\t\t\t\t\t<\/div>\n\t\t\t\t<\/div>\n\t\t\t\t\t<\/div>\n\t\t<\/div>\n\t\t\t\t\t<\/div>\n\t\t<\/section>\n\t\t\t\t<section class=\"elementor-section elementor-top-section elementor-element elementor-element-6173eff elementor-section-boxed elementor-section-height-default elementor-section-height-default\" data-id=\"6173eff\" data-element_type=\"section\" data-e-type=\"section\">\n\t\t\t\t\t\t<div class=\"elementor-container elementor-column-gap-default\">\n\t\t\t\t\t<div class=\"elementor-column elementor-col-33 elementor-top-column elementor-element elementor-element-56b530b\" data-id=\"56b530b\" data-element_type=\"column\" data-e-type=\"column\">\n\t\t\t<div class=\"elementor-widget-wrap elementor-element-populated\">\n\t\t\t\t\t\t<div class=\"elementor-element elementor-element-b183450 elementor-widget elementor-widget-image\" data-id=\"b183450\" data-element_type=\"widget\" data-e-type=\"widget\" data-widget_type=\"image.default\">\n\t\t\t\t<div class=\"elementor-widget-container\">\n\t\t\t\t\t\t\t\t\t\t\t\t\t\t\t<img decoding=\"async\" width=\"900\" height=\"600\" src=\"https:\/\/dimedcare.fr\/wordpress\/wp-content\/uploads\/2022\/04\/33A1189-1024x683.jpg\" class=\"attachment-large size-large wp-image-1167\" alt=\"\" srcset=\"https:\/\/dimedcare.fr\/wordpress\/wp-content\/uploads\/2022\/04\/33A1189-1024x683.jpg 1024w, https:\/\/dimedcare.fr\/wordpress\/wp-content\/uploads\/2022\/04\/33A1189-300x200.jpg 300w, https:\/\/dimedcare.fr\/wordpress\/wp-content\/uploads\/2022\/04\/33A1189-768x512.jpg 768w, https:\/\/dimedcare.fr\/wordpress\/wp-content\/uploads\/2022\/04\/33A1189-1536x1024.jpg 1536w, https:\/\/dimedcare.fr\/wordpress\/wp-content\/uploads\/2022\/04\/33A1189.jpg 1920w\" sizes=\"(max-width: 900px) 100vw, 900px\" \/>\t\t\t\t\t\t\t\t\t\t\t\t\t\t\t<\/div>\n\t\t\t\t<\/div>\n\t\t\t\t\t<\/div>\n\t\t<\/div>\n\t\t\t\t<div class=\"elementor-column elementor-col-66 elementor-top-column elementor-element elementor-element-c04c064\" data-id=\"c04c064\" data-element_type=\"column\" data-e-type=\"column\">\n\t\t\t<div class=\"elementor-widget-wrap elementor-element-populated\">\n\t\t\t\t\t\t<div class=\"elementor-element elementor-element-9d895fd elementor-widget elementor-widget-heading\" data-id=\"9d895fd\" data-element_type=\"widget\" data-e-type=\"widget\" data-widget_type=\"heading.default\">\n\t\t\t\t<div class=\"elementor-widget-container\">\n\t\t\t\t\t<h2 class=\"elementor-heading-title elementor-size-default\"><a href=\"https:\/\/dimedcare.fr\/wordpress\/index.php\/radiologie-vasculaire-interventionnelle\/\">Radiologie Interventionnelle<\/a><\/h2>\t\t\t\t<\/div>\n\t\t\t\t<\/div>\n\t\t\t\t<div class=\"elementor-element elementor-element-7d3bac4 elementor-widget elementor-widget-text-editor\" data-id=\"7d3bac4\" data-element_type=\"widget\" data-e-type=\"widget\" data-widget_type=\"text-editor.default\">\n\t\t\t\t<div class=\"elementor-widget-container\">\n\t\t\t\t\t\t\t\t\t<div class=\"elementor-element elementor-element-dcbee14 elementor-widget elementor-widget-heading\" data-id=\"dcbee14\" data-element_type=\"widget\" data-widget_type=\"heading.default\"><p class=\"elementor-widget-container\">La radiologie interventionelle est une sp\u00e9cialit\u00e9 de la radiologie. Elle d\u00e9signe l\u2019ensemble des actes m\u00e9dicaux r\u00e9alis\u00e9s par des radiologues et sous contr\u00f4le radiologique, permettant le traitement ou le diagnostic invasif (examen invasif) de nombreuses pathologies. Le principe de la radiologie interventionnelle est donc d\u2019acc\u00e9der \u00e0 une l\u00e9sion situ\u00e9e \u00e0 l\u2019int\u00e9rieur de l\u2019organisme pour effectuer un acte diagnostique (pr\u00e9l\u00e8vement par exemple) ou th\u00e9rapeutique (visant \u00e0 soigner, r\u00e9parer, refermer\u2026).<\/p><\/div>\t\t\t\t\t\t\t\t<\/div>\n\t\t\t\t<\/div>\n\t\t\t\t\t<\/div>\n\t\t<\/div>\n\t\t\t\t\t<\/div>\n\t\t<\/section>\n\t\t\t\t<section class=\"elementor-section elementor-top-section elementor-element elementor-element-d4d27c4 elementor-section-boxed elementor-section-height-default elementor-section-height-default\" data-id=\"d4d27c4\" data-element_type=\"section\" data-e-type=\"section\">\n\t\t\t\t\t\t<div class=\"elementor-container elementor-column-gap-default\">\n\t\t\t\t\t<div class=\"elementor-column elementor-col-100 elementor-top-column elementor-element elementor-element-d70edc5\" data-id=\"d70edc5\" data-element_type=\"column\" data-e-type=\"column\">\n\t\t\t<div class=\"elementor-widget-wrap elementor-element-populated\">\n\t\t\t\t\t\t<div class=\"elementor-element elementor-element-3ce6846 elementor-widget-divider--view-line elementor-widget elementor-widget-divider\" data-id=\"3ce6846\" data-element_type=\"widget\" data-e-type=\"widget\" data-widget_type=\"divider.default\">\n\t\t\t\t<div class=\"elementor-widget-container\">\n\t\t\t\t\t\t\t<div class=\"elementor-divider\">\n\t\t\t<span class=\"elementor-divider-separator\">\n\t\t\t\t\t\t<\/span>\n\t\t<\/div>\n\t\t\t\t\t\t<\/div>\n\t\t\t\t<\/div>\n\t\t\t\t\t<\/div>\n\t\t<\/div>\n\t\t\t\t\t<\/div>\n\t\t<\/section>\n\t\t\t\t<section class=\"elementor-section elementor-top-section elementor-element elementor-element-2d195bb elementor-section-boxed elementor-section-height-default elementor-section-height-default\" data-id=\"2d195bb\" data-element_type=\"section\" data-e-type=\"section\">\n\t\t\t\t\t\t<div class=\"elementor-container elementor-column-gap-default\">\n\t\t\t\t\t<div class=\"elementor-column elementor-col-33 elementor-top-column elementor-element elementor-element-a257820\" data-id=\"a257820\" data-element_type=\"column\" data-e-type=\"column\">\n\t\t\t<div class=\"elementor-widget-wrap elementor-element-populated\">\n\t\t\t\t\t\t<div class=\"elementor-element elementor-element-af91a44 elementor-widget elementor-widget-image\" data-id=\"af91a44\" data-element_type=\"widget\" data-e-type=\"widget\" data-widget_type=\"image.default\">\n\t\t\t\t<div class=\"elementor-widget-container\">\n\t\t\t\t\t\t\t\t\t\t\t\t\t\t\t<img decoding=\"async\" width=\"900\" height=\"600\" src=\"https:\/\/dimedcare.fr\/wordpress\/wp-content\/uploads\/2022\/04\/Depositphotos_104146766_L-1024x683.jpg\" class=\"attachment-large size-large wp-image-1228\" alt=\"\" srcset=\"https:\/\/dimedcare.fr\/wordpress\/wp-content\/uploads\/2022\/04\/Depositphotos_104146766_L-1024x683.jpg 1024w, https:\/\/dimedcare.fr\/wordpress\/wp-content\/uploads\/2022\/04\/Depositphotos_104146766_L-300x200.jpg 300w, https:\/\/dimedcare.fr\/wordpress\/wp-content\/uploads\/2022\/04\/Depositphotos_104146766_L-768x512.jpg 768w, https:\/\/dimedcare.fr\/wordpress\/wp-content\/uploads\/2022\/04\/Depositphotos_104146766_L-1536x1024.jpg 1536w, https:\/\/dimedcare.fr\/wordpress\/wp-content\/uploads\/2022\/04\/Depositphotos_104146766_L-2048x1365.jpg 2048w\" sizes=\"(max-width: 900px) 100vw, 900px\" \/>\t\t\t\t\t\t\t\t\t\t\t\t\t\t\t<\/div>\n\t\t\t\t<\/div>\n\t\t\t\t\t<\/div>\n\t\t<\/div>\n\t\t\t\t<div class=\"elementor-column elementor-col-66 elementor-top-column elementor-element elementor-element-3cbeba6\" data-id=\"3cbeba6\" data-element_type=\"column\" data-e-type=\"column\">\n\t\t\t<div class=\"elementor-widget-wrap elementor-element-populated\">\n\t\t\t\t\t\t<div class=\"elementor-element elementor-element-d8034e9 elementor-widget elementor-widget-heading\" data-id=\"d8034e9\" data-element_type=\"widget\" data-e-type=\"widget\" data-widget_type=\"heading.default\">\n\t\t\t\t<div class=\"elementor-widget-container\">\n\t\t\t\t\t<h2 class=\"elementor-heading-title elementor-size-default\"><a href=\"https:\/\/dimedcare.fr\/wordpress\/index.php\/anesthesie-urgence-reanimation\/\">Anesth\u00e9sie Urgence R\u00e9animation<\/a><\/h2>\t\t\t\t<\/div>\n\t\t\t\t<\/div>\n\t\t\t\t<div class=\"elementor-element elementor-element-29a90b9 elementor-widget elementor-widget-text-editor\" data-id=\"29a90b9\" data-element_type=\"widget\" data-e-type=\"widget\" data-widget_type=\"text-editor.default\">\n\t\t\t\t<div class=\"elementor-widget-container\">\n\t\t\t\t\t\t\t\t\t<p>L\u2019anesth\u00e9sie-r\u00e9animation d\u00e9signe une sp\u00e9cialit\u00e9 exerc\u00e9e au bloc op\u00e9ratoire (anesth\u00e9sie) et\/ou dans un service sp\u00e9cialis\u00e9 (r\u00e9animation).<\/p><p>Un service de r\u00e9animation accueille les patients hospitalis\u00e9s pr\u00e9sentant une d\u00e9faillance d\u2019au moins 2 fonctions vitales.<\/p><p>La r\u00e9animation contribue \u00e0 maintenir en vie les patients pr\u00e9sentant des d\u00e9faillances s\u00e9v\u00e8res. Dans ce service sp\u00e9cialis\u00e9, ils b\u00e9n\u00e9ficient d\u2019une surveillance constante.<\/p>\t\t\t\t\t\t\t\t<\/div>\n\t\t\t\t<\/div>\n\t\t\t\t\t<\/div>\n\t\t<\/div>\n\t\t\t\t\t<\/div>\n\t\t<\/section>\n\t\t\t\t<\/div>\n\t\t","protected":false},"excerpt":{"rendered":"<p>Cardiologie Interventionnelle et Chirurgicale La cardiologie interventionnelle est une application particuli\u00e8re du cath\u00e9t\u00e9risme endo-vasculaire. Un cath\u00e9ter est introduit sans incision par simple ponction \u00e0 travers la peau,\u00a0dans le r\u00e9seau vasculaire, art\u00e9riel ou veineux, et men\u00e9, sous contr\u00f4le radiologique jusqu&#8217;\u00e0 la cavit\u00e9, la valve\u00a0ou l&#8217;art\u00e8re \u00e0 traiter. Radiologie Interventionnelle La radiologie interventionelle est une sp\u00e9cialit\u00e9 de [&hellip;]<\/p>\n","protected":false},"author":1,"featured_media":0,"parent":0,"menu_order":0,"comment_status":"closed","ping_status":"closed","template":"","meta":{"footnotes":""},"class_list":["post-557","page","type-page","status-publish","hentry"],"_links":{"self":[{"href":"https:\/\/dimedcare.fr\/wordpress\/index.php\/wp-json\/wp\/v2\/pages\/557","targetHints":{"allow":["GET"]}}],"collection":[{"href":"https:\/\/dimedcare.fr\/wordpress\/index.php\/wp-json\/wp\/v2\/pages"}],"about":[{"href":"https:\/\/dimedcare.fr\/wordpress\/index.php\/wp-json\/wp\/v2\/types\/page"}],"author":[{"embeddable":true,"href":"https:\/\/dimedcare.fr\/wordpress\/index.php\/wp-json\/wp\/v2\/users\/1"}],"replies":[{"embeddable":true,"href":"https:\/\/dimedcare.fr\/wordpress\/index.php\/wp-json\/wp\/v2\/comments?post=557"}],"version-history":[{"count":26,"href":"https:\/\/dimedcare.fr\/wordpress\/index.php\/wp-json\/wp\/v2\/pages\/557\/revisions"}],"predecessor-version":[{"id":1376,"href":"https:\/\/dimedcare.fr\/wordpress\/index.php\/wp-json\/wp\/v2\/pages\/557\/revisions\/1376"}],"wp:attachment":[{"href":"https:\/\/dimedcare.fr\/wordpress\/index.php\/wp-json\/wp\/v2\/media?parent=557"}],"curies":[{"name":"wp","href":"https:\/\/api.w.org\/{rel}","templated":true}]}}