{"id":556,"date":"2021-12-01T11:18:17","date_gmt":"2021-12-01T11:18:17","guid":{"rendered":"https:\/\/dimedcare.fr\/wordpress\/?page_id=556"},"modified":"2023-04-06T14:07:54","modified_gmt":"2023-04-06T13:07:54","slug":"la-societe","status":"publish","type":"page","link":"https:\/\/dimedcare.fr\/wordpress\/index.php\/la-societe\/","title":{"rendered":"La Soci\u00e9t\u00e9"},"content":{"rendered":"\t\t<div data-elementor-type=\"wp-page\" data-elementor-id=\"556\" class=\"elementor elementor-556\">\n\t\t\t\t\t\t<section class=\"elementor-section elementor-top-section elementor-element elementor-element-3beae81 elementor-section-boxed elementor-section-height-default elementor-section-height-default\" data-id=\"3beae81\" data-element_type=\"section\" data-e-type=\"section\">\n\t\t\t\t\t\t<div class=\"elementor-container elementor-column-gap-default\">\n\t\t\t\t\t<div class=\"elementor-column elementor-col-100 elementor-top-column elementor-element elementor-element-67ce11a\" data-id=\"67ce11a\" data-element_type=\"column\" data-e-type=\"column\">\n\t\t\t<div class=\"elementor-widget-wrap elementor-element-populated\">\n\t\t\t\t\t\t<div class=\"elementor-element elementor-element-235ba4f elementor-widget elementor-widget-heading\" data-id=\"235ba4f\" data-element_type=\"widget\" data-e-type=\"widget\" data-widget_type=\"heading.default\">\n\t\t\t\t<div class=\"elementor-widget-container\">\n\t\t\t\t\t<h2 class=\"elementor-heading-title elementor-size-default\">Notre M\u00e9tier :  Distribution et Formation<\/h2>\t\t\t\t<\/div>\n\t\t\t\t<\/div>\n\t\t\t\t<div class=\"elementor-element elementor-element-e8a4d15 elementor-widget elementor-widget-image\" data-id=\"e8a4d15\" data-element_type=\"widget\" data-e-type=\"widget\" data-widget_type=\"image.default\">\n\t\t\t\t<div class=\"elementor-widget-container\">\n\t\t\t\t\t\t\t\t\t\t\t\t\t\t\t<img fetchpriority=\"high\" decoding=\"async\" width=\"768\" height=\"512\" src=\"https:\/\/dimedcare.fr\/wordpress\/wp-content\/uploads\/2022\/04\/Depositphotos_4794186_L-768x512.jpg\" class=\"attachment-medium_large size-medium_large wp-image-1226\" alt=\"\" srcset=\"https:\/\/dimedcare.fr\/wordpress\/wp-content\/uploads\/2022\/04\/Depositphotos_4794186_L-768x512.jpg 768w, https:\/\/dimedcare.fr\/wordpress\/wp-content\/uploads\/2022\/04\/Depositphotos_4794186_L-300x200.jpg 300w, https:\/\/dimedcare.fr\/wordpress\/wp-content\/uploads\/2022\/04\/Depositphotos_4794186_L-1024x683.jpg 1024w, https:\/\/dimedcare.fr\/wordpress\/wp-content\/uploads\/2022\/04\/Depositphotos_4794186_L-1536x1024.jpg 1536w, https:\/\/dimedcare.fr\/wordpress\/wp-content\/uploads\/2022\/04\/Depositphotos_4794186_L-2048x1365.jpg 2048w\" sizes=\"(max-width: 768px) 100vw, 768px\" \/>\t\t\t\t\t\t\t\t\t\t\t\t\t\t\t<\/div>\n\t\t\t\t<\/div>\n\t\t\t\t<div class=\"elementor-element elementor-element-bfdbc8d elementor-widget elementor-widget-text-editor\" data-id=\"bfdbc8d\" data-element_type=\"widget\" data-e-type=\"widget\" data-widget_type=\"text-editor.default\">\n\t\t\t\t<div class=\"elementor-widget-container\">\n\t\t\t\t\t\t\t\t\t<p><span style=\"font-size: 16pt; font-family: Calibri; color: black;\">Vente de dispositifs m\u00e9dicaux sp\u00e9cialis\u00e9s en cardiologie p\u00e9diatrique et adulte, en radiologie interventionnelle et en R\u00e9animation. Former, animer et promouvoir la sant\u00e9 en repla\u00e7ant le dispositif m\u00e9dical comme outil de la qualit\u00e9 des soins<\/span><\/p>\t\t\t\t\t\t\t\t<\/div>\n\t\t\t\t<\/div>\n\t\t\t\t<div class=\"elementor-element elementor-element-6334c15 elementor-widget-divider--view-line elementor-widget elementor-widget-divider\" data-id=\"6334c15\" data-element_type=\"widget\" data-e-type=\"widget\" data-widget_type=\"divider.default\">\n\t\t\t\t<div class=\"elementor-widget-container\">\n\t\t\t\t\t\t\t<div class=\"elementor-divider\">\n\t\t\t<span class=\"elementor-divider-separator\">\n\t\t\t\t\t\t<\/span>\n\t\t<\/div>\n\t\t\t\t\t\t<\/div>\n\t\t\t\t<\/div>\n\t\t\t\t\t<\/div>\n\t\t<\/div>\n\t\t\t\t\t<\/div>\n\t\t<\/section>\n\t\t\t\t<section class=\"elementor-section elementor-top-section elementor-element elementor-element-65a8ed7 elementor-section-boxed elementor-section-height-default elementor-section-height-default\" data-id=\"65a8ed7\" data-element_type=\"section\" data-e-type=\"section\">\n\t\t\t\t\t\t<div class=\"elementor-container elementor-column-gap-default\">\n\t\t\t\t\t<div class=\"elementor-column elementor-col-33 elementor-top-column elementor-element elementor-element-80eecb0\" data-id=\"80eecb0\" data-element_type=\"column\" data-e-type=\"column\">\n\t\t\t<div class=\"elementor-widget-wrap elementor-element-populated\">\n\t\t\t\t\t\t<div class=\"elementor-element elementor-element-cfe0737 elementor-widget elementor-widget-image\" data-id=\"cfe0737\" data-element_type=\"widget\" data-e-type=\"widget\" data-widget_type=\"image.default\">\n\t\t\t\t<div class=\"elementor-widget-container\">\n\t\t\t\t\t\t\t\t\t\t\t\t\t\t\t<img decoding=\"async\" width=\"900\" height=\"600\" src=\"https:\/\/dimedcare.fr\/wordpress\/wp-content\/uploads\/2022\/04\/Depositphotos_4794182_L-1024x683.jpg\" class=\"attachment-large size-large wp-image-1225\" alt=\"\" srcset=\"https:\/\/dimedcare.fr\/wordpress\/wp-content\/uploads\/2022\/04\/Depositphotos_4794182_L-1024x683.jpg 1024w, https:\/\/dimedcare.fr\/wordpress\/wp-content\/uploads\/2022\/04\/Depositphotos_4794182_L-300x200.jpg 300w, https:\/\/dimedcare.fr\/wordpress\/wp-content\/uploads\/2022\/04\/Depositphotos_4794182_L-768x512.jpg 768w, https:\/\/dimedcare.fr\/wordpress\/wp-content\/uploads\/2022\/04\/Depositphotos_4794182_L-1536x1024.jpg 1536w, https:\/\/dimedcare.fr\/wordpress\/wp-content\/uploads\/2022\/04\/Depositphotos_4794182_L-2048x1365.jpg 2048w\" sizes=\"(max-width: 900px) 100vw, 900px\" \/>\t\t\t\t\t\t\t\t\t\t\t\t\t\t\t<\/div>\n\t\t\t\t<\/div>\n\t\t\t\t\t<\/div>\n\t\t<\/div>\n\t\t\t\t<div class=\"elementor-column elementor-col-66 elementor-top-column elementor-element elementor-element-f481dc2\" data-id=\"f481dc2\" data-element_type=\"column\" data-e-type=\"column\">\n\t\t\t<div class=\"elementor-widget-wrap elementor-element-populated\">\n\t\t\t\t\t\t<div class=\"elementor-element elementor-element-3917cbc elementor-widget elementor-widget-heading\" data-id=\"3917cbc\" data-element_type=\"widget\" data-e-type=\"widget\" data-widget_type=\"heading.default\">\n\t\t\t\t<div class=\"elementor-widget-container\">\n\t\t\t\t\t<h2 class=\"elementor-heading-title elementor-size-default\">Notre Strat\u00e9gie<\/h2>\t\t\t\t<\/div>\n\t\t\t\t<\/div>\n\t\t\t\t<div class=\"elementor-element elementor-element-7cb56fd elementor-widget elementor-widget-text-editor\" data-id=\"7cb56fd\" data-element_type=\"widget\" data-e-type=\"widget\" data-widget_type=\"text-editor.default\">\n\t\t\t\t<div class=\"elementor-widget-container\">\n\t\t\t\t\t\t\t\t\t<p><b>Mettre<\/b> <b>notre<\/b><b> savoir-faire de <\/b><b>professionnels<\/b><b> de sant\u00e9 au service de <\/b><b>l\u2019innovation<\/b><b> pour les patients\u00a0 <\/b><\/p>\t\t\t\t\t\t\t\t<\/div>\n\t\t\t\t<\/div>\n\t\t\t\t\t<\/div>\n\t\t<\/div>\n\t\t\t\t\t<\/div>\n\t\t<\/section>\n\t\t\t\t<section class=\"elementor-section elementor-top-section elementor-element elementor-element-f12fa16 elementor-section-boxed elementor-section-height-default elementor-section-height-default\" data-id=\"f12fa16\" data-element_type=\"section\" data-e-type=\"section\">\n\t\t\t\t\t\t<div class=\"elementor-container elementor-column-gap-default\">\n\t\t\t\t\t<div class=\"elementor-column elementor-col-66 elementor-top-column elementor-element elementor-element-d8562ca\" data-id=\"d8562ca\" data-element_type=\"column\" data-e-type=\"column\">\n\t\t\t<div class=\"elementor-widget-wrap elementor-element-populated\">\n\t\t\t\t\t\t<div class=\"elementor-element elementor-element-4e189d9 elementor-widget elementor-widget-heading\" data-id=\"4e189d9\" data-element_type=\"widget\" data-e-type=\"widget\" data-widget_type=\"heading.default\">\n\t\t\t\t<div class=\"elementor-widget-container\">\n\t\t\t\t\t<h2 class=\"elementor-heading-title elementor-size-default\">Notre Vision<\/h2>\t\t\t\t<\/div>\n\t\t\t\t<\/div>\n\t\t\t\t<div class=\"elementor-element elementor-element-4f471ce elementor-widget elementor-widget-text-editor\" data-id=\"4f471ce\" data-element_type=\"widget\" data-e-type=\"widget\" data-widget_type=\"text-editor.default\">\n\t\t\t\t<div class=\"elementor-widget-container\">\n\t\t\t\t\t\t\t\t\t<p><b>Innover pour nos patients en r\u00e9inventant la sant\u00e9 autour des dispositifs m\u00e9dicaux<\/b><\/p>\t\t\t\t\t\t\t\t<\/div>\n\t\t\t\t<\/div>\n\t\t\t\t\t<\/div>\n\t\t<\/div>\n\t\t\t\t<div class=\"elementor-column elementor-col-33 elementor-top-column elementor-element elementor-element-e0568d9\" data-id=\"e0568d9\" data-element_type=\"column\" data-e-type=\"column\">\n\t\t\t<div class=\"elementor-widget-wrap elementor-element-populated\">\n\t\t\t\t\t\t<div class=\"elementor-element elementor-element-74f0a9b elementor-widget elementor-widget-image\" data-id=\"74f0a9b\" data-element_type=\"widget\" data-e-type=\"widget\" data-widget_type=\"image.default\">\n\t\t\t\t<div class=\"elementor-widget-container\">\n\t\t\t\t\t\t\t\t\t\t\t\t\t\t\t<img decoding=\"async\" width=\"900\" height=\"559\" src=\"https:\/\/dimedcare.fr\/wordpress\/wp-content\/uploads\/2022\/04\/33A1101-Modifier-1024x636.jpg\" class=\"attachment-large size-large wp-image-1246\" alt=\"\" srcset=\"https:\/\/dimedcare.fr\/wordpress\/wp-content\/uploads\/2022\/04\/33A1101-Modifier-1024x636.jpg 1024w, https:\/\/dimedcare.fr\/wordpress\/wp-content\/uploads\/2022\/04\/33A1101-Modifier-300x186.jpg 300w, https:\/\/dimedcare.fr\/wordpress\/wp-content\/uploads\/2022\/04\/33A1101-Modifier-768x477.jpg 768w, https:\/\/dimedcare.fr\/wordpress\/wp-content\/uploads\/2022\/04\/33A1101-Modifier-1536x953.jpg 1536w, https:\/\/dimedcare.fr\/wordpress\/wp-content\/uploads\/2022\/04\/33A1101-Modifier-2048x1271.jpg 2048w\" sizes=\"(max-width: 900px) 100vw, 900px\" \/>\t\t\t\t\t\t\t\t\t\t\t\t\t\t\t<\/div>\n\t\t\t\t<\/div>\n\t\t\t\t\t<\/div>\n\t\t<\/div>\n\t\t\t\t\t<\/div>\n\t\t<\/section>\n\t\t\t\t<section class=\"elementor-section elementor-top-section elementor-element elementor-element-f6a477e elementor-section-boxed elementor-section-height-default elementor-section-height-default\" data-id=\"f6a477e\" data-element_type=\"section\" data-e-type=\"section\">\n\t\t\t\t\t\t<div class=\"elementor-container elementor-column-gap-default\">\n\t\t\t\t\t<div class=\"elementor-column elementor-col-50 elementor-top-column elementor-element elementor-element-a8d8e4c\" data-id=\"a8d8e4c\" data-element_type=\"column\" data-e-type=\"column\">\n\t\t\t<div class=\"elementor-widget-wrap elementor-element-populated\">\n\t\t\t\t\t\t<div class=\"elementor-element elementor-element-4be33fb elementor-widget elementor-widget-image\" data-id=\"4be33fb\" data-element_type=\"widget\" data-e-type=\"widget\" data-widget_type=\"image.default\">\n\t\t\t\t<div class=\"elementor-widget-container\">\n\t\t\t\t\t\t\t\t\t\t\t\t\t\t\t<img loading=\"lazy\" decoding=\"async\" width=\"900\" height=\"600\" src=\"https:\/\/dimedcare.fr\/wordpress\/wp-content\/uploads\/2022\/04\/Depositphotos_532187792_L-1024x683.jpg\" class=\"attachment-large size-large wp-image-1223\" alt=\"\" srcset=\"https:\/\/dimedcare.fr\/wordpress\/wp-content\/uploads\/2022\/04\/Depositphotos_532187792_L-1024x683.jpg 1024w, https:\/\/dimedcare.fr\/wordpress\/wp-content\/uploads\/2022\/04\/Depositphotos_532187792_L-300x200.jpg 300w, https:\/\/dimedcare.fr\/wordpress\/wp-content\/uploads\/2022\/04\/Depositphotos_532187792_L-768x512.jpg 768w, https:\/\/dimedcare.fr\/wordpress\/wp-content\/uploads\/2022\/04\/Depositphotos_532187792_L-1536x1024.jpg 1536w, https:\/\/dimedcare.fr\/wordpress\/wp-content\/uploads\/2022\/04\/Depositphotos_532187792_L-2048x1365.jpg 2048w\" sizes=\"(max-width: 900px) 100vw, 900px\" \/>\t\t\t\t\t\t\t\t\t\t\t\t\t\t\t<\/div>\n\t\t\t\t<\/div>\n\t\t\t\t\t<\/div>\n\t\t<\/div>\n\t\t\t\t<div class=\"elementor-column elementor-col-50 elementor-top-column elementor-element elementor-element-35a09cd\" data-id=\"35a09cd\" data-element_type=\"column\" data-e-type=\"column\">\n\t\t\t<div class=\"elementor-widget-wrap elementor-element-populated\">\n\t\t\t\t\t\t<section class=\"elementor-section elementor-inner-section elementor-element elementor-element-b8f0185 elementor-section-boxed elementor-section-height-default elementor-section-height-default\" data-id=\"b8f0185\" data-element_type=\"section\" data-e-type=\"section\">\n\t\t\t\t\t\t<div class=\"elementor-container elementor-column-gap-default\">\n\t\t\t\t\t<div class=\"elementor-column elementor-col-100 elementor-inner-column elementor-element elementor-element-3219e8e\" data-id=\"3219e8e\" data-element_type=\"column\" data-e-type=\"column\">\n\t\t\t<div class=\"elementor-widget-wrap elementor-element-populated\">\n\t\t\t\t\t\t<div class=\"elementor-element elementor-element-a411015 elementor-widget elementor-widget-heading\" data-id=\"a411015\" data-element_type=\"widget\" data-e-type=\"widget\" data-widget_type=\"heading.default\">\n\t\t\t\t<div class=\"elementor-widget-container\">\n\t\t\t\t\t<h2 class=\"elementor-heading-title elementor-size-default\">Notre \u00e9thique<\/h2>\t\t\t\t<\/div>\n\t\t\t\t<\/div>\n\t\t\t\t<div class=\"elementor-element elementor-element-c1ab3fe elementor-widget elementor-widget-text-editor\" data-id=\"c1ab3fe\" data-element_type=\"widget\" data-e-type=\"widget\" data-widget_type=\"text-editor.default\">\n\t\t\t\t<div class=\"elementor-widget-container\">\n\t\t\t\t\t\t\t\t\t<p>Une soci\u00e9t\u00e9 fran\u00e7aise et fier de contribuer au syst\u00e8me fran\u00e7ais sans exporter ses b\u00e9n\u00e9fices<\/p>\t\t\t\t\t\t\t\t<\/div>\n\t\t\t\t<\/div>\n\t\t\t\t\t<\/div>\n\t\t<\/div>\n\t\t\t\t\t<\/div>\n\t\t<\/section>\n\t\t\t\t\t<\/div>\n\t\t<\/div>\n\t\t\t\t\t<\/div>\n\t\t<\/section>\n\t\t\t\t<section class=\"elementor-section elementor-top-section elementor-element elementor-element-9fdc84a elementor-section-boxed elementor-section-height-default elementor-section-height-default\" data-id=\"9fdc84a\" data-element_type=\"section\" data-e-type=\"section\">\n\t\t\t\t\t\t<div class=\"elementor-container elementor-column-gap-default\">\n\t\t\t\t\t<div class=\"elementor-column elementor-col-100 elementor-top-column elementor-element elementor-element-7b65f7a\" data-id=\"7b65f7a\" data-element_type=\"column\" data-e-type=\"column\">\n\t\t\t<div class=\"elementor-widget-wrap elementor-element-populated\">\n\t\t\t\t\t\t<div class=\"elementor-element elementor-element-9f57459 elementor-widget elementor-widget-image\" data-id=\"9f57459\" data-element_type=\"widget\" data-e-type=\"widget\" data-widget_type=\"image.default\">\n\t\t\t\t<div class=\"elementor-widget-container\">\n\t\t\t\t\t\t\t\t\t\t\t\t\t\t\t<img loading=\"lazy\" decoding=\"async\" width=\"900\" height=\"632\" src=\"https:\/\/dimedcare.fr\/wordpress\/wp-content\/uploads\/2022\/04\/Depositphotos_97509146_L-1024x719.jpg\" class=\"attachment-large size-large wp-image-1230\" alt=\"\" srcset=\"https:\/\/dimedcare.fr\/wordpress\/wp-content\/uploads\/2022\/04\/Depositphotos_97509146_L-1024x719.jpg 1024w, https:\/\/dimedcare.fr\/wordpress\/wp-content\/uploads\/2022\/04\/Depositphotos_97509146_L-300x211.jpg 300w, https:\/\/dimedcare.fr\/wordpress\/wp-content\/uploads\/2022\/04\/Depositphotos_97509146_L-768x539.jpg 768w, https:\/\/dimedcare.fr\/wordpress\/wp-content\/uploads\/2022\/04\/Depositphotos_97509146_L-1536x1078.jpg 1536w, https:\/\/dimedcare.fr\/wordpress\/wp-content\/uploads\/2022\/04\/Depositphotos_97509146_L-2048x1437.jpg 2048w\" sizes=\"(max-width: 900px) 100vw, 900px\" \/>\t\t\t\t\t\t\t\t\t\t\t\t\t\t\t<\/div>\n\t\t\t\t<\/div>\n\t\t\t\t\t<\/div>\n\t\t<\/div>\n\t\t\t\t\t<\/div>\n\t\t<\/section>\n\t\t\t\t<\/div>\n\t\t","protected":false},"excerpt":{"rendered":"<p>Notre M\u00e9tier : Distribution et Formation Vente de dispositifs m\u00e9dicaux sp\u00e9cialis\u00e9s en cardiologie p\u00e9diatrique et adulte, en radiologie interventionnelle et en R\u00e9animation. Former, animer et promouvoir la sant\u00e9 en repla\u00e7ant le dispositif m\u00e9dical comme outil de la qualit\u00e9 des soins Notre Strat\u00e9gie Mettre notre savoir-faire de professionnels de sant\u00e9 au service de l\u2019innovation pour les [&hellip;]<\/p>\n","protected":false},"author":1,"featured_media":0,"parent":0,"menu_order":0,"comment_status":"closed","ping_status":"closed","template":"","meta":{"footnotes":""},"class_list":["post-556","page","type-page","status-publish","hentry"],"_links":{"self":[{"href":"https:\/\/dimedcare.fr\/wordpress\/index.php\/wp-json\/wp\/v2\/pages\/556","targetHints":{"allow":["GET"]}}],"collection":[{"href":"https:\/\/dimedcare.fr\/wordpress\/index.php\/wp-json\/wp\/v2\/pages"}],"about":[{"href":"https:\/\/dimedcare.fr\/wordpress\/index.php\/wp-json\/wp\/v2\/types\/page"}],"author":[{"embeddable":true,"href":"https:\/\/dimedcare.fr\/wordpress\/index.php\/wp-json\/wp\/v2\/users\/1"}],"replies":[{"embeddable":true,"href":"https:\/\/dimedcare.fr\/wordpress\/index.php\/wp-json\/wp\/v2\/comments?post=556"}],"version-history":[{"count":31,"href":"https:\/\/dimedcare.fr\/wordpress\/index.php\/wp-json\/wp\/v2\/pages\/556\/revisions"}],"predecessor-version":[{"id":1373,"href":"https:\/\/dimedcare.fr\/wordpress\/index.php\/wp-json\/wp\/v2\/pages\/556\/revisions\/1373"}],"wp:attachment":[{"href":"https:\/\/dimedcare.fr\/wordpress\/index.php\/wp-json\/wp\/v2\/media?parent=556"}],"curies":[{"name":"wp","href":"https:\/\/api.w.org\/{rel}","templated":true}]}}