{"id":18,"date":"2021-12-01T08:20:24","date_gmt":"2021-12-01T08:20:24","guid":{"rendered":"https:\/\/dimedcare.fr\/wordpress\/?page_id=18"},"modified":"2023-04-06T14:16:05","modified_gmt":"2023-04-06T13:16:05","slug":"create-your-website-with-blocks","status":"publish","type":"page","link":"https:\/\/dimedcare.fr\/wordpress\/","title":{"rendered":"Index"},"content":{"rendered":"\t\t<div data-elementor-type=\"wp-page\" data-elementor-id=\"18\" class=\"elementor elementor-18\">\n\t\t\t\t\t\t<section class=\"elementor-section elementor-top-section elementor-element elementor-element-664b6ee4 elementor-section-boxed elementor-section-height-default elementor-section-height-default\" data-id=\"664b6ee4\" data-element_type=\"section\" data-e-type=\"section\">\n\t\t\t\t\t\t<div class=\"elementor-container elementor-column-gap-default\">\n\t\t\t\t\t<div class=\"elementor-column elementor-col-100 elementor-top-column elementor-element elementor-element-3456a860\" data-id=\"3456a860\" data-element_type=\"column\" data-e-type=\"column\">\n\t\t\t<div class=\"elementor-widget-wrap elementor-element-populated\">\n\t\t\t\t\t\t<div class=\"elementor-element elementor-element-013fdd7 elementor-widget elementor-widget-spacer\" data-id=\"013fdd7\" data-element_type=\"widget\" data-e-type=\"widget\" data-widget_type=\"spacer.default\">\n\t\t\t\t<div class=\"elementor-widget-container\">\n\t\t\t\t\t\t\t<div class=\"elementor-spacer\">\n\t\t\t<div class=\"elementor-spacer-inner\"><\/div>\n\t\t<\/div>\n\t\t\t\t\t\t<\/div>\n\t\t\t\t<\/div>\n\t\t\t\t<div class=\"elementor-element elementor-element-50a090c elementor-widget elementor-widget-spacer\" data-id=\"50a090c\" data-element_type=\"widget\" data-e-type=\"widget\" data-widget_type=\"spacer.default\">\n\t\t\t\t<div class=\"elementor-widget-container\">\n\t\t\t\t\t\t\t<div class=\"elementor-spacer\">\n\t\t\t<div class=\"elementor-spacer-inner\"><\/div>\n\t\t<\/div>\n\t\t\t\t\t\t<\/div>\n\t\t\t\t<\/div>\n\t\t\t\t<div class=\"elementor-element elementor-element-bcb531a elementor-widget elementor-widget-heading\" data-id=\"bcb531a\" data-element_type=\"widget\" data-e-type=\"widget\" data-widget_type=\"heading.default\">\n\t\t\t\t<div class=\"elementor-widget-container\">\n\t\t\t\t\t<h2 class=\"elementor-heading-title elementor-size-xxl\">Innover pour nos patients<\/h2>\t\t\t\t<\/div>\n\t\t\t\t<\/div>\n\t\t\t\t<div class=\"elementor-element elementor-element-dac47db elementor-widget elementor-widget-text-editor\" data-id=\"dac47db\" data-element_type=\"widget\" data-e-type=\"widget\" data-widget_type=\"text-editor.default\">\n\t\t\t\t<div class=\"elementor-widget-container\">\n\t\t\t\t\t\t\t\t\t<h4>DiMedCare est une soci\u00e9t\u00e9 de distribution de dispositifs m\u00e9dicaux. Notre mission est de mettre notre savoir-faire de professionnels de sant\u00e9 au service de l\u2019innovation pour les patients <\/h4>\t\t\t\t\t\t\t\t<\/div>\n\t\t\t\t<\/div>\n\t\t\t\t<div class=\"elementor-element elementor-element-5647c305 elementor-widget elementor-widget-text-editor\" data-id=\"5647c305\" data-element_type=\"widget\" data-e-type=\"widget\" data-widget_type=\"text-editor.default\">\n\t\t\t\t<div class=\"elementor-widget-container\">\n\t\t\t\t\t\t\t\t\t<div class=\"wp-block-columns alignwide are-vertically-aligned-center is-style-twentytwentyone-columns-overlap\">\n<div class=\"wp-block-column is-vertically-aligned-center\">\u00a0<\/div>\n<\/div>\n<div class=\"wp-block-columns alignwide are-vertically-aligned-top\">\n<div class=\"wp-block-column is-vertically-aligned-top\">\n<h3 style=\"text-align: center;\"><a href=\"https:\/\/dimedcare.fr\/wordpress\/index.php\/cardiologie-interventionnelle-et-chirurgicale\/\">Cardiologie Interventionnelle et Chirurgicale<\/a><\/h3>\n<p style=\"text-align: center;\"><span style=\"font-size: 16px;\"><br \/>La cardiologie interventionnelle est une application particuli\u00e8re du cath\u00e9t\u00e9risme endo-vasculaire. Un cath\u00e9ter est introduit sans incision par simple ponction \u00e0 travers la peau, dans le r\u00e9seau vasculaire, art\u00e9riel ou veineux, et men\u00e9, sous contr\u00f4le radiologique jusqu\u2019\u00e0 la cavit\u00e9, la valve ou l\u2019art\u00e8re \u00e0 traiter.<\/span><\/p>\n<p><!-- \/wp:heading --><\/p>\n<p><!-- wp:paragraph --><\/p>\n<p>\u00a0<\/p>\n<p><!-- \/wp:paragraph --><\/p>\n<\/div>\n<p><!-- \/wp:column --><\/p>\n<p><!-- wp:column {\"verticalAlignment\":\"top\"} --><\/p>\n<div class=\"wp-block-column is-vertically-aligned-top\">\n<p><!-- wp:heading {\"level\":3} --><\/p>\n<h3><a href=\"https:\/\/dimedcare.fr\/wordpress\/index.php\/radiologie-vasculaire-interventionnelle\/\"><span style=\"text-align: justify;\">Radiologie Interventionnelle<\/span><\/a><\/h3>\n<p>\u00a0<\/p>\n<p><span style=\"font-size: 16px; font-weight: 500;\">La radiologie interventionelle est une sp\u00e9cialit\u00e9 de la radiologie. Elle d\u00e9signe l\u2019ensemble des actes m\u00e9dicaux r\u00e9alis\u00e9s par des radiologues et sous contr\u00f4le radiologique, permettant le traitement ou le diagnostic invasif (examen invasif) de nombreuses pathologies. Le principe de la radiologie interventionnelle est donc d\u2019acc\u00e9der \u00e0 une l\u00e9sion situ\u00e9e \u00e0 l\u2019int\u00e9rieur de l\u2019organisme pour effectuer un acte diagnostique (pr\u00e9l\u00e8vement par exemple) ou th\u00e9rapeutique (visant \u00e0 soigner, r\u00e9parer, refermer\u2026).<\/span><\/p>\n<p><!-- \/wp:paragraph --><\/p>\n<\/div>\n<p><!-- \/wp:column --><\/p>\n<p><!-- wp:column {\"verticalAlignment\":\"top\"} --><\/p>\n<div class=\"wp-block-column is-vertically-aligned-top\">\n<p><!-- wp:heading {\"level\":3} --><\/p>\n<h3><a href=\"https:\/\/dimedcare.fr\/wordpress\/index.php\/anesthesie-urgence-reanimation\/\">Anesth\u00e9sie &amp; R\u00e9animation<\/a><\/h3>\n<p><!-- \/wp:heading --><\/p>\n<p><!-- wp:paragraph --><\/p>\n<p>L\u2019anesth\u00e9sie-r\u00e9animation d\u00e9signe une sp\u00e9cialit\u00e9 exerc\u00e9e au bloc op\u00e9ratoire (anesth\u00e9sie) et\/ou dans un service sp\u00e9cialis\u00e9 (r\u00e9animation).<\/p>\n<p>Un service de r\u00e9animation accueille les patients hospitalis\u00e9s pr\u00e9sentant une d\u00e9faillance d\u2019au moins 2 fonctions vitales.<\/p>\n<p>La r\u00e9animation contribue \u00e0 maintenir en vie les patients pr\u00e9sentant des d\u00e9faillances s\u00e9v\u00e8res. Dans ce service sp\u00e9cialis\u00e9, ils b\u00e9n\u00e9ficient d\u2019une surveillance constante.<\/p>\n<\/div>\n<div class=\"wp-block-cover__inner-container\">\n<p><!-- \/wp:spacer --><\/p>\n<\/div>\n<p><!-- \/wp:column --><\/p>\n<\/div>\n<p><!-- \/wp:cover --><\/p>\t\t\t\t\t\t\t\t<\/div>\n\t\t\t\t<\/div>\n\t\t\t\t\t<\/div>\n\t\t<\/div>\n\t\t\t\t\t<\/div>\n\t\t<\/section>\n\t\t\t\t<section class=\"elementor-section elementor-top-section elementor-element elementor-element-4287b05 elementor-section-boxed elementor-section-height-default elementor-section-height-default\" data-id=\"4287b05\" data-element_type=\"section\" data-e-type=\"section\">\n\t\t\t\t\t\t<div class=\"elementor-container elementor-column-gap-default\">\n\t\t\t\t\t<div class=\"elementor-column elementor-col-33 elementor-top-column elementor-element elementor-element-3738d5b\" data-id=\"3738d5b\" data-element_type=\"column\" data-e-type=\"column\">\n\t\t\t<div class=\"elementor-widget-wrap elementor-element-populated\">\n\t\t\t\t\t\t<div class=\"elementor-element elementor-element-43230fa elementor-widget elementor-widget-image\" data-id=\"43230fa\" data-element_type=\"widget\" data-e-type=\"widget\" data-widget_type=\"image.default\">\n\t\t\t\t<div class=\"elementor-widget-container\">\n\t\t\t\t\t\t\t\t\t\t\t\t\t\t\t<img fetchpriority=\"high\" decoding=\"async\" width=\"300\" height=\"225\" src=\"https:\/\/dimedcare.fr\/wordpress\/wp-content\/uploads\/2022\/01\/laureat_entreprendre_sans_fond-300x225.png\" class=\"attachment-medium size-medium wp-image-831\" alt=\"\" srcset=\"https:\/\/dimedcare.fr\/wordpress\/wp-content\/uploads\/2022\/01\/laureat_entreprendre_sans_fond-300x225.png 300w, https:\/\/dimedcare.fr\/wordpress\/wp-content\/uploads\/2022\/01\/laureat_entreprendre_sans_fond-1024x768.png 1024w, https:\/\/dimedcare.fr\/wordpress\/wp-content\/uploads\/2022\/01\/laureat_entreprendre_sans_fond-768x576.png 768w, https:\/\/dimedcare.fr\/wordpress\/wp-content\/uploads\/2022\/01\/laureat_entreprendre_sans_fond-1536x1152.png 1536w, https:\/\/dimedcare.fr\/wordpress\/wp-content\/uploads\/2022\/01\/laureat_entreprendre_sans_fond.png 2048w\" sizes=\"(max-width: 300px) 100vw, 300px\" \/>\t\t\t\t\t\t\t\t\t\t\t\t\t\t\t<\/div>\n\t\t\t\t<\/div>\n\t\t\t\t\t<\/div>\n\t\t<\/div>\n\t\t\t\t<div class=\"elementor-column elementor-col-66 elementor-top-column elementor-element elementor-element-096802f\" data-id=\"096802f\" data-element_type=\"column\" data-e-type=\"column\">\n\t\t\t<div class=\"elementor-widget-wrap elementor-element-populated\">\n\t\t\t\t\t\t<div class=\"elementor-element elementor-element-b766596 elementor-widget elementor-widget-heading\" data-id=\"b766596\" data-element_type=\"widget\" data-e-type=\"widget\" data-widget_type=\"heading.default\">\n\t\t\t\t<div class=\"elementor-widget-container\">\n\t\t\t\t\t<h2 class=\"elementor-heading-title elementor-size-default\">Accompagn\u00e9 par un r\u00e9seau de valeur !<\/h2>\t\t\t\t<\/div>\n\t\t\t\t<\/div>\n\t\t\t\t<div class=\"elementor-element elementor-element-aa0e659 elementor-widget elementor-widget-text-editor\" data-id=\"aa0e659\" data-element_type=\"widget\" data-e-type=\"widget\" data-widget_type=\"text-editor.default\">\n\t\t\t\t<div class=\"elementor-widget-container\">\n\t\t\t\t\t\t\t\t\t<p><span style=\"color: rgb(33, 37, 41); font-family: Goldplay, sans-serif; font-size: 20px;\">Inspir\u00e9 par le succ\u00e8s de Nord Entreprendre, cr\u00e9\u00e9 en 1986, et par la devise de son fondateur Andr\u00e9 Mulliez \u00ab&nbsp;<\/span><span style=\"font-weight: 600; color: rgb(33, 37, 41); font-family: Goldplay, sans-serif; font-size: 20px;\"><em>Cr\u00e9ons des employeurs pour cr\u00e9er des emplois<\/em><\/span><span style=\"color: rgb(33, 37, 41); font-family: Goldplay, sans-serif; font-size: 20px;\">&nbsp;\u00bb, R\u00e9seau Entreprendre\u00ae Aquitaine na\u00eet en 1996 \u00e0 Bordeaux. Ce projet, port\u00e9 par Michel Mulliez et Michel Sarrat, fondateur de GT Location et premier pr\u00e9sident de l\u2019association, avait pour objectif de faire de R\u00e9seau Entreprendre\u00ae Aquitaine une v\u00e9ritable force du d\u00e9veloppement \u00e9conomique et entrepreneurial de la r\u00e9gion.<\/span><br><\/p>\t\t\t\t\t\t\t\t<\/div>\n\t\t\t\t<\/div>\n\t\t\t\t\t<\/div>\n\t\t<\/div>\n\t\t\t\t\t<\/div>\n\t\t<\/section>\n\t\t\t\t<section class=\"elementor-section elementor-top-section elementor-element elementor-element-8ebb8d9 elementor-section-boxed elementor-section-height-default elementor-section-height-default\" data-id=\"8ebb8d9\" data-element_type=\"section\" data-e-type=\"section\">\n\t\t\t\t\t\t<div class=\"elementor-container elementor-column-gap-default\">\n\t\t\t\t\t<div class=\"elementor-column elementor-col-66 elementor-top-column elementor-element elementor-element-2667660\" data-id=\"2667660\" data-element_type=\"column\" data-e-type=\"column\">\n\t\t\t<div class=\"elementor-widget-wrap elementor-element-populated\">\n\t\t\t\t\t\t<div class=\"elementor-element elementor-element-f512a29 elementor-widget elementor-widget-heading\" data-id=\"f512a29\" data-element_type=\"widget\" data-e-type=\"widget\" data-widget_type=\"heading.default\">\n\t\t\t\t<div class=\"elementor-widget-container\">\n\t\t\t\t\t<h2 class=\"elementor-heading-title elementor-size-default\">Un infirmier chef d'entreprise<\/h2>\t\t\t\t<\/div>\n\t\t\t\t<\/div>\n\t\t\t\t<div class=\"elementor-element elementor-element-46b1204 elementor-widget elementor-widget-text-editor\" data-id=\"46b1204\" data-element_type=\"widget\" data-e-type=\"widget\" data-widget_type=\"text-editor.default\">\n\t\t\t\t<div class=\"elementor-widget-container\">\n\t\t\t\t\t\t\t\t\t<p>Vivien est un jeune entrepreneur de 45 ans qui a une vision du commerce du dispositif m\u00e9dical \u00e0 l&#8217;image de son parcours. Soignant puis patient puis commercial &#8230; et maintenant un soignant entrepreneur qui place le r\u00e9sultat du soin avant le r\u00e9sultat de l&#8217;entreprise !\u00a0<\/p>\t\t\t\t\t\t\t\t<\/div>\n\t\t\t\t<\/div>\n\t\t\t\t\t<\/div>\n\t\t<\/div>\n\t\t\t\t<div class=\"elementor-column elementor-col-33 elementor-top-column elementor-element elementor-element-71f487b\" data-id=\"71f487b\" data-element_type=\"column\" data-e-type=\"column\">\n\t\t\t<div class=\"elementor-widget-wrap elementor-element-populated\">\n\t\t\t\t\t\t<div class=\"elementor-element elementor-element-4cd75b4 elementor-widget elementor-widget-image\" data-id=\"4cd75b4\" data-element_type=\"widget\" data-e-type=\"widget\" data-widget_type=\"image.default\">\n\t\t\t\t<div class=\"elementor-widget-container\">\n\t\t\t\t\t\t\t\t\t\t\t\t\t\t\t<img decoding=\"async\" width=\"307\" height=\"256\" src=\"https:\/\/dimedcare.fr\/wordpress\/wp-content\/uploads\/2022\/01\/Image1.jpg\" class=\"attachment-large size-large wp-image-1014\" alt=\"Le mot du Pr\u00e9sident\" srcset=\"https:\/\/dimedcare.fr\/wordpress\/wp-content\/uploads\/2022\/01\/Image1.jpg 307w, https:\/\/dimedcare.fr\/wordpress\/wp-content\/uploads\/2022\/01\/Image1-300x250.jpg 300w\" sizes=\"(max-width: 307px) 100vw, 307px\" \/>\t\t\t\t\t\t\t\t\t\t\t\t\t\t\t<\/div>\n\t\t\t\t<\/div>\n\t\t\t\t\t<\/div>\n\t\t<\/div>\n\t\t\t\t\t<\/div>\n\t\t<\/section>\n\t\t\t\t<\/div>\n\t\t","protected":false},"excerpt":{"rendered":"<p>Innover pour nos patients DiMedCare est une soci\u00e9t\u00e9 de distribution de dispositifs m\u00e9dicaux. Notre mission est de mettre notre savoir-faire de professionnels de sant\u00e9 au service de l\u2019innovation pour les patients &nbsp; Cardiologie Interventionnelle et Chirurgicale La cardiologie interventionnelle est une application particuli\u00e8re du cath\u00e9t\u00e9risme endo-vasculaire. Un cath\u00e9ter est introduit sans incision par simple ponction [&hellip;]<\/p>\n","protected":false},"author":1,"featured_media":0,"parent":0,"menu_order":0,"comment_status":"closed","ping_status":"closed","template":"","meta":{"footnotes":""},"class_list":["post-18","page","type-page","status-publish","hentry"],"_links":{"self":[{"href":"https:\/\/dimedcare.fr\/wordpress\/index.php\/wp-json\/wp\/v2\/pages\/18","targetHints":{"allow":["GET"]}}],"collection":[{"href":"https:\/\/dimedcare.fr\/wordpress\/index.php\/wp-json\/wp\/v2\/pages"}],"about":[{"href":"https:\/\/dimedcare.fr\/wordpress\/index.php\/wp-json\/wp\/v2\/types\/page"}],"author":[{"embeddable":true,"href":"https:\/\/dimedcare.fr\/wordpress\/index.php\/wp-json\/wp\/v2\/users\/1"}],"replies":[{"embeddable":true,"href":"https:\/\/dimedcare.fr\/wordpress\/index.php\/wp-json\/wp\/v2\/comments?post=18"}],"version-history":[{"count":95,"href":"https:\/\/dimedcare.fr\/wordpress\/index.php\/wp-json\/wp\/v2\/pages\/18\/revisions"}],"predecessor-version":[{"id":1555,"href":"https:\/\/dimedcare.fr\/wordpress\/index.php\/wp-json\/wp\/v2\/pages\/18\/revisions\/1555"}],"wp:attachment":[{"href":"https:\/\/dimedcare.fr\/wordpress\/index.php\/wp-json\/wp\/v2\/media?parent=18"}],"curies":[{"name":"wp","href":"https:\/\/api.w.org\/{rel}","templated":true}]}}