{"id":1534,"date":"2023-01-26T12:09:43","date_gmt":"2023-01-26T11:09:43","guid":{"rendered":"https:\/\/dimedcare.fr\/wordpress\/?page_id=1534"},"modified":"2023-04-06T14:13:21","modified_gmt":"2023-04-06T13:13:21","slug":"egis-implant-plastie-endocanalaire","status":"publish","type":"page","link":"https:\/\/dimedcare.fr\/wordpress\/index.php\/egis-implant-plastie-endocanalaire\/","title":{"rendered":"EGIS Implant plastie endocanalaire"},"content":{"rendered":"\t\t<div data-elementor-type=\"wp-page\" data-elementor-id=\"1534\" class=\"elementor elementor-1534\">\n\t\t\t\t\t\t<section class=\"elementor-section elementor-top-section elementor-element elementor-element-e4f2567 elementor-section-boxed elementor-section-height-default elementor-section-height-default\" data-id=\"e4f2567\" data-element_type=\"section\" data-e-type=\"section\">\n\t\t\t\t\t\t<div class=\"elementor-container elementor-column-gap-default\">\n\t\t\t\t\t<div class=\"elementor-column elementor-col-100 elementor-top-column elementor-element elementor-element-fe0a45b\" data-id=\"fe0a45b\" data-element_type=\"column\" data-e-type=\"column\">\n\t\t\t<div class=\"elementor-widget-wrap elementor-element-populated\">\n\t\t\t\t\t\t<div class=\"elementor-element elementor-element-8bc7729 elementor-widget elementor-widget-heading\" data-id=\"8bc7729\" data-element_type=\"widget\" data-e-type=\"widget\" data-widget_type=\"heading.default\">\n\t\t\t\t<div class=\"elementor-widget-container\">\n\t\t\t\t\t<h2 class=\"elementor-heading-title elementor-size-default\">EGIS\nImplant plastie endocanalaire : \nbiliaire, pylorique\/duod\u00e9nal et colorectal, \u0153sophagien\n<\/h2>\t\t\t\t<\/div>\n\t\t\t\t<\/div>\n\t\t\t\t\t<\/div>\n\t\t<\/div>\n\t\t\t\t\t<\/div>\n\t\t<\/section>\n\t\t\t\t<section class=\"elementor-section elementor-top-section elementor-element elementor-element-00d9cf6 elementor-section-boxed elementor-section-height-default elementor-section-height-default\" data-id=\"00d9cf6\" data-element_type=\"section\" data-e-type=\"section\">\n\t\t\t\t\t\t<div class=\"elementor-container elementor-column-gap-default\">\n\t\t\t\t\t<div class=\"elementor-column elementor-col-33 elementor-top-column elementor-element elementor-element-10bfad3\" data-id=\"10bfad3\" data-element_type=\"column\" data-e-type=\"column\">\n\t\t\t<div class=\"elementor-widget-wrap elementor-element-populated\">\n\t\t\t\t\t\t<div class=\"elementor-element elementor-element-71e409b elementor-widget elementor-widget-image\" data-id=\"71e409b\" data-element_type=\"widget\" data-e-type=\"widget\" data-widget_type=\"image.default\">\n\t\t\t\t<div class=\"elementor-widget-container\">\n\t\t\t\t\t\t\t\t\t\t\t\t\t\t\t<img decoding=\"async\" width=\"186\" height=\"224\" src=\"https:\/\/dimedcare.fr\/wordpress\/wp-content\/uploads\/2023\/01\/doubleB.png\" class=\"attachment-large size-large wp-image-1518\" alt=\"\" \/>\t\t\t\t\t\t\t\t\t\t\t\t\t\t\t<\/div>\n\t\t\t\t<\/div>\n\t\t\t\t\t<\/div>\n\t\t<\/div>\n\t\t\t\t<div class=\"elementor-column elementor-col-66 elementor-top-column elementor-element elementor-element-91cde44\" data-id=\"91cde44\" data-element_type=\"column\" data-e-type=\"column\">\n\t\t\t<div class=\"elementor-widget-wrap elementor-element-populated\">\n\t\t\t\t\t\t<div class=\"elementor-element elementor-element-26c42cd elementor-widget elementor-widget-text-editor\" data-id=\"26c42cd\" data-element_type=\"widget\" data-e-type=\"widget\" data-widget_type=\"text-editor.default\">\n\t\t\t\t<div class=\"elementor-widget-container\">\n\t\t\t\t\t\t\t\t\t<p>Egis est un implant en Nitinol avec des marqueurs radio-opaque en or.<\/p><p>Excellente flexibilit\u00e9 et conformabilit\u00e9<\/p><p>Force radiale suffisante<\/p><p>Double maillage pour les stents non couverts et partiellement couverts<\/p><p>Membrane en PTFE extensible pour les stents couverts<\/p>\t\t\t\t\t\t\t\t<\/div>\n\t\t\t\t<\/div>\n\t\t\t\t\t<\/div>\n\t\t<\/div>\n\t\t\t\t\t<\/div>\n\t\t<\/section>\n\t\t\t\t<section class=\"elementor-section elementor-top-section elementor-element elementor-element-611f91c elementor-section-boxed elementor-section-height-default elementor-section-height-default\" data-id=\"611f91c\" data-element_type=\"section\" data-e-type=\"section\">\n\t\t\t\t\t\t<div class=\"elementor-container elementor-column-gap-default\">\n\t\t\t\t\t<div class=\"elementor-column elementor-col-66 elementor-top-column elementor-element elementor-element-a647f5c\" data-id=\"a647f5c\" data-element_type=\"column\" data-e-type=\"column\">\n\t\t\t<div class=\"elementor-widget-wrap elementor-element-populated\">\n\t\t\t\t\t\t<div class=\"elementor-element elementor-element-6e2080b elementor-widget elementor-widget-text-editor\" data-id=\"6e2080b\" data-element_type=\"widget\" data-e-type=\"widget\" data-widget_type=\"text-editor.default\">\n\t\t\t\t<div class=\"elementor-widget-container\">\n\t\t\t\t\t\t\t\t\t<p>Nombreuses Tailles disponibles :<\/p><p>Biliaire Pylorique\/duod\u00e9nal et colorectal<\/p><p>Diam\u00e8tre 8 et 10 mm de 18 \u00e0 24 mm<\/p><p>Longueur de 4 \u00e0 12 cm de 6 \u00e0 14 cm<\/p>\t\t\t\t\t\t\t\t<\/div>\n\t\t\t\t<\/div>\n\t\t\t\t\t<\/div>\n\t\t<\/div>\n\t\t\t\t<div class=\"elementor-column elementor-col-33 elementor-top-column elementor-element elementor-element-b55f5d7\" data-id=\"b55f5d7\" data-element_type=\"column\" data-e-type=\"column\">\n\t\t\t<div class=\"elementor-widget-wrap elementor-element-populated\">\n\t\t\t\t\t\t<div class=\"elementor-element elementor-element-f7c1891 elementor-widget elementor-widget-image\" data-id=\"f7c1891\" data-element_type=\"widget\" data-e-type=\"widget\" data-widget_type=\"image.default\">\n\t\t\t\t<div class=\"elementor-widget-container\">\n\t\t\t\t\t\t\t\t\t\t\t\t\t\t\t<img decoding=\"async\" width=\"138\" height=\"245\" src=\"https:\/\/dimedcare.fr\/wordpress\/wp-content\/uploads\/2023\/01\/cover.png\" class=\"attachment-large size-large wp-image-1521\" alt=\"\" \/>\t\t\t\t\t\t\t\t\t\t\t\t\t\t\t<\/div>\n\t\t\t\t<\/div>\n\t\t\t\t\t<\/div>\n\t\t<\/div>\n\t\t\t\t\t<\/div>\n\t\t<\/section>\n\t\t\t\t<section class=\"elementor-section elementor-top-section elementor-element elementor-element-80b0591 elementor-section-boxed elementor-section-height-default elementor-section-height-default\" data-id=\"80b0591\" data-element_type=\"section\" data-e-type=\"section\">\n\t\t\t\t\t\t<div class=\"elementor-container elementor-column-gap-default\">\n\t\t\t\t\t<div class=\"elementor-column elementor-col-33 elementor-top-column elementor-element elementor-element-4d03556\" data-id=\"4d03556\" data-element_type=\"column\" data-e-type=\"column\">\n\t\t\t<div class=\"elementor-widget-wrap elementor-element-populated\">\n\t\t\t\t\t\t<div class=\"elementor-element elementor-element-c659772 elementor-widget elementor-widget-image\" data-id=\"c659772\" data-element_type=\"widget\" data-e-type=\"widget\" data-widget_type=\"image.default\">\n\t\t\t\t<div class=\"elementor-widget-container\">\n\t\t\t\t\t\t\t\t\t\t\t\t\t\t\t<img fetchpriority=\"high\" decoding=\"async\" width=\"220\" height=\"330\" src=\"https:\/\/dimedcare.fr\/wordpress\/wp-content\/uploads\/2023\/01\/oeso.png\" class=\"attachment-large size-large wp-image-1520\" alt=\"\" srcset=\"https:\/\/dimedcare.fr\/wordpress\/wp-content\/uploads\/2023\/01\/oeso.png 220w, https:\/\/dimedcare.fr\/wordpress\/wp-content\/uploads\/2023\/01\/oeso-200x300.png 200w\" sizes=\"(max-width: 220px) 100vw, 220px\" \/>\t\t\t\t\t\t\t\t\t\t\t\t\t\t\t<\/div>\n\t\t\t\t<\/div>\n\t\t\t\t\t<\/div>\n\t\t<\/div>\n\t\t\t\t<div class=\"elementor-column elementor-col-66 elementor-top-column elementor-element elementor-element-388fc26\" data-id=\"388fc26\" data-element_type=\"column\" data-e-type=\"column\">\n\t\t\t<div class=\"elementor-widget-wrap elementor-element-populated\">\n\t\t\t\t\t\t<div class=\"elementor-element elementor-element-d0a6657 elementor-widget elementor-widget-text-editor\" data-id=\"d0a6657\" data-element_type=\"widget\" data-e-type=\"widget\" data-widget_type=\"text-editor.default\">\n\t\t\t\t<div class=\"elementor-widget-container\">\n\t\t\t\t\t\t\t\t\t<p>LPP nu 8187647, partiellement couvert 8196333, couvert 8158597<\/p>\t\t\t\t\t\t\t\t<\/div>\n\t\t\t\t<\/div>\n\t\t\t\t\t<\/div>\n\t\t<\/div>\n\t\t\t\t\t<\/div>\n\t\t<\/section>\n\t\t\t\t<\/div>\n\t\t","protected":false},"excerpt":{"rendered":"<p>EGIS Implant plastie endocanalaire : biliaire, pylorique\/duod\u00e9nal et colorectal, \u0153sophagien Egis est un implant en Nitinol avec des marqueurs radio-opaque en or. Excellente flexibilit\u00e9 et conformabilit\u00e9 Force radiale suffisante Double maillage pour les stents non couverts et partiellement couverts Membrane en PTFE extensible pour les stents couverts Nombreuses Tailles disponibles : Biliaire Pylorique\/duod\u00e9nal et colorectal [&hellip;]<\/p>\n","protected":false},"author":7,"featured_media":0,"parent":0,"menu_order":0,"comment_status":"closed","ping_status":"closed","template":"","meta":{"footnotes":""},"class_list":["post-1534","page","type-page","status-publish","hentry"],"_links":{"self":[{"href":"https:\/\/dimedcare.fr\/wordpress\/index.php\/wp-json\/wp\/v2\/pages\/1534","targetHints":{"allow":["GET"]}}],"collection":[{"href":"https:\/\/dimedcare.fr\/wordpress\/index.php\/wp-json\/wp\/v2\/pages"}],"about":[{"href":"https:\/\/dimedcare.fr\/wordpress\/index.php\/wp-json\/wp\/v2\/types\/page"}],"author":[{"embeddable":true,"href":"https:\/\/dimedcare.fr\/wordpress\/index.php\/wp-json\/wp\/v2\/users\/7"}],"replies":[{"embeddable":true,"href":"https:\/\/dimedcare.fr\/wordpress\/index.php\/wp-json\/wp\/v2\/comments?post=1534"}],"version-history":[{"count":5,"href":"https:\/\/dimedcare.fr\/wordpress\/index.php\/wp-json\/wp\/v2\/pages\/1534\/revisions"}],"predecessor-version":[{"id":1553,"href":"https:\/\/dimedcare.fr\/wordpress\/index.php\/wp-json\/wp\/v2\/pages\/1534\/revisions\/1553"}],"wp:attachment":[{"href":"https:\/\/dimedcare.fr\/wordpress\/index.php\/wp-json\/wp\/v2\/media?parent=1534"}],"curies":[{"name":"wp","href":"https:\/\/api.w.org\/{rel}","templated":true}]}}