{"id":1458,"date":"2022-11-28T21:56:23","date_gmt":"2022-11-28T20:56:23","guid":{"rendered":"https:\/\/dimedcare.fr\/wordpress\/?page_id=1458"},"modified":"2023-04-06T14:11:53","modified_gmt":"2023-04-06T13:11:53","slug":"stimulateurs-cardiaques-temporaires","status":"publish","type":"page","link":"https:\/\/dimedcare.fr\/wordpress\/index.php\/stimulateurs-cardiaques-temporaires\/","title":{"rendered":"Stimulateurs cardiaques temporaires"},"content":{"rendered":"\t\t<div data-elementor-type=\"wp-page\" data-elementor-id=\"1458\" class=\"elementor elementor-1458\">\n\t\t\t\t\t\t<section class=\"elementor-section elementor-top-section elementor-element elementor-element-16ebe0b elementor-section-boxed elementor-section-height-default elementor-section-height-default\" data-id=\"16ebe0b\" data-element_type=\"section\" data-e-type=\"section\">\n\t\t\t\t\t\t<div class=\"elementor-container elementor-column-gap-default\">\n\t\t\t\t\t<div class=\"elementor-column elementor-col-100 elementor-top-column elementor-element elementor-element-d2948bd\" data-id=\"d2948bd\" data-element_type=\"column\" data-e-type=\"column\">\n\t\t\t<div class=\"elementor-widget-wrap\">\n\t\t\t\t\t\t\t<\/div>\n\t\t<\/div>\n\t\t\t\t\t<\/div>\n\t\t<\/section>\n\t\t\t\t<section class=\"elementor-section elementor-top-section elementor-element elementor-element-5efafe2 elementor-section-boxed elementor-section-height-default elementor-section-height-default\" data-id=\"5efafe2\" data-element_type=\"section\" data-e-type=\"section\">\n\t\t\t\t\t\t<div class=\"elementor-container elementor-column-gap-default\">\n\t\t\t\t\t<div class=\"elementor-column elementor-col-100 elementor-top-column elementor-element elementor-element-c4657e0\" data-id=\"c4657e0\" data-element_type=\"column\" data-e-type=\"column\">\n\t\t\t<div class=\"elementor-widget-wrap elementor-element-populated\">\n\t\t\t\t\t\t<div class=\"elementor-element elementor-element-b442bdd elementor-widget elementor-widget-heading\" data-id=\"b442bdd\" data-element_type=\"widget\" data-e-type=\"widget\" data-widget_type=\"heading.default\">\n\t\t\t\t<div class=\"elementor-widget-container\">\n\t\t\t\t\t<h1 class=\"elementor-heading-title elementor-size-large\"><div data-id=\"7480423\" data-element_type=\"widget\" data-widget_type=\"heading.default\" style=\"--flex-direction: initial;--flex-wrap: initial;--justify-content: initial;--align-items: initial;--align-content: initial;--gap: initial;--flex-basis: initial;--flex-grow: initial;--flex-shrink: initial;--order: initial;--align-self: initial;flex-basis: var(--flex-basis);flex-grow: var(--flex-grow);flex-shrink: var(--flex-shrink);align-self: var(--align-self);flex-direction: var(--flex-direction);flex-wrap: var(--flex-wrap);justify-content: var(--justify-content);align-items: var(--align-items);align-content: var(--align-content);gap: var(--gap);--widgets-spacing:20px;width: 479.984px;font-family: Poppins, sans-serif;font-size: 16px;font-weight: 400;white-space: normal\"><div><h4 style=\"font-family: var( --e-global-typography-primary-font-family ), Sans-serif;font-weight: var( --e-global-typography-primary-font-weight );font-size: 24px\">Stimulateurs cardiaques externes temporaires<\/h4><\/div><\/div><\/h1>\t\t\t\t<\/div>\n\t\t\t\t<\/div>\n\t\t\t\t<div class=\"elementor-element elementor-element-6430a44 elementor-widget elementor-widget-text-editor\" data-id=\"6430a44\" data-element_type=\"widget\" data-e-type=\"widget\" data-widget_type=\"text-editor.default\">\n\t\t\t\t<div class=\"elementor-widget-container\">\n\t\t\t\t\t\t\t\t\t<p>Simple chambre, double chambre et triple chambre afin de r\u00e9pondre \u00e0 tout les besoins<\/p><p>Plusieurs connectiques possibles qui s&#8217;adaptent \u00e0 tous les cables<\/p><p>DiMedCare assure \u00e9galement la maintenance annuelle des stimulateurs selon les pr\u00e9conisations constructeur<\/p><p>\u00a0<\/p>\t\t\t\t\t\t\t\t<\/div>\n\t\t\t\t<\/div>\n\t\t\t\t\t<\/div>\n\t\t<\/div>\n\t\t\t\t\t<\/div>\n\t\t<\/section>\n\t\t\t\t<section class=\"elementor-section elementor-top-section elementor-element elementor-element-a5055e4 elementor-section-boxed elementor-section-height-default elementor-section-height-default\" data-id=\"a5055e4\" data-element_type=\"section\" data-e-type=\"section\">\n\t\t\t\t\t\t<div class=\"elementor-container elementor-column-gap-default\">\n\t\t\t\t\t<div class=\"elementor-column elementor-col-33 elementor-top-column elementor-element elementor-element-6ede8a5\" data-id=\"6ede8a5\" data-element_type=\"column\" data-e-type=\"column\">\n\t\t\t<div class=\"elementor-widget-wrap elementor-element-populated\">\n\t\t\t\t\t\t<div class=\"elementor-element elementor-element-59f75e9 elementor-widget elementor-widget-image\" data-id=\"59f75e9\" data-element_type=\"widget\" data-e-type=\"widget\" data-widget_type=\"image.default\">\n\t\t\t\t<div class=\"elementor-widget-container\">\n\t\t\t\t\t\t\t\t\t\t\t\t\t\t\t\t<a href=\"https:\/\/www.osypkamed.com\/products\/temporary-pacemakers\/pace-model-101\/\">\n\t\t\t\t\t\t\t<img decoding=\"async\" src=\"https:\/\/www.osypkamed.com\/wp-content\/uploads\/2021\/12\/PACE101-Produktbild.png\" title=\"\" alt=\"\" loading=\"lazy\" \/>\t\t\t\t\t\t\t\t<\/a>\n\t\t\t\t\t\t\t\t\t\t\t\t\t\t\t<\/div>\n\t\t\t\t<\/div>\n\t\t\t\t\t<\/div>\n\t\t<\/div>\n\t\t\t\t<div class=\"elementor-column elementor-col-66 elementor-top-column elementor-element elementor-element-93c124b\" data-id=\"93c124b\" data-element_type=\"column\" data-e-type=\"column\">\n\t\t\t<div class=\"elementor-widget-wrap elementor-element-populated\">\n\t\t\t\t\t\t<div class=\"elementor-element elementor-element-36e3f4b elementor-widget elementor-widget-heading\" data-id=\"36e3f4b\" data-element_type=\"widget\" data-e-type=\"widget\" data-widget_type=\"heading.default\">\n\t\t\t\t<div class=\"elementor-widget-container\">\n\t\t\t\t\t<h2 class=\"elementor-heading-title elementor-size-medium\"><a href=\"https:\/\/www.osypkamed.com\/products\/temporary-pacemakers\/pace-model-101\/\">PACE Mod\u00e8le 101H\nSTIMULATEUR EXTERNE SIMPLE CHAMBRE (SSI)<\/a><\/h2>\t\t\t\t<\/div>\n\t\t\t\t<\/div>\n\t\t\t\t<div class=\"elementor-element elementor-element-634ccc4 elementor-widget elementor-widget-text-editor\" data-id=\"634ccc4\" data-element_type=\"widget\" data-e-type=\"widget\" data-widget_type=\"text-editor.default\">\n\t\t\t\t<div class=\"elementor-widget-container\">\n\t\t\t\t\t\t\t\t\t<ul><li>Programmation simple<\/li><li>Tension de sortie constante (similaire aux stimulateurs permanents)<\/li><li>Petit et l\u00e9ger<\/li><li>SAV fabricant assur\u00e9 \u00e0 vie<\/li><\/ul>\t\t\t\t\t\t\t\t<\/div>\n\t\t\t\t<\/div>\n\t\t\t\t\t<\/div>\n\t\t<\/div>\n\t\t\t\t\t<\/div>\n\t\t<\/section>\n\t\t\t\t<section class=\"elementor-section elementor-top-section elementor-element elementor-element-780765d elementor-section-boxed elementor-section-height-default elementor-section-height-default\" data-id=\"780765d\" data-element_type=\"section\" data-e-type=\"section\">\n\t\t\t\t\t\t<div class=\"elementor-container elementor-column-gap-default\">\n\t\t\t\t\t<div class=\"elementor-column elementor-col-66 elementor-top-column elementor-element elementor-element-13fc26d\" data-id=\"13fc26d\" data-element_type=\"column\" data-e-type=\"column\">\n\t\t\t<div class=\"elementor-widget-wrap elementor-element-populated\">\n\t\t\t\t\t\t<div class=\"elementor-element elementor-element-ec7d5f5 elementor-widget elementor-widget-heading\" data-id=\"ec7d5f5\" data-element_type=\"widget\" data-e-type=\"widget\" data-widget_type=\"heading.default\">\n\t\t\t\t<div class=\"elementor-widget-container\">\n\t\t\t\t\t<h2 class=\"elementor-heading-title elementor-size-medium\"><a href=\"https:\/\/www.osypkamed.com\/products\/temporary-pacemakers\/pace-model-203\/\">PACE Mod\u00e8le 203 STIMULATEUR EXTERNE DOUBLE CHAMBRE (DDD)<\/a><\/h2>\t\t\t\t<\/div>\n\t\t\t\t<\/div>\n\t\t\t\t<div class=\"elementor-element elementor-element-8e179e2 elementor-widget elementor-widget-text-editor\" data-id=\"8e179e2\" data-element_type=\"widget\" data-e-type=\"widget\" data-widget_type=\"text-editor.default\">\n\t\t\t\t<div class=\"elementor-widget-container\">\n\t\t\t\t\t\t\t\t\t<ul><li>Tension de sortie constante (similaire aux stimulateurs permanents)<\/li><li>Indication instantan\u00e9e de la tension (V), du courant (mA) de sortie et de l\u2019imp\u00e9dance de la sonde<\/li><li>Les amplitudes des ondes P et R se mesurent en appuyant sur la touche<\/li><li>Changement rapide et facile de la batterie, pas de sens d\u2019insertion (9V)<\/li><li>SAV fabricant assur\u00e9 \u00e0 vie<\/li><\/ul>\t\t\t\t\t\t\t\t<\/div>\n\t\t\t\t<\/div>\n\t\t\t\t\t<\/div>\n\t\t<\/div>\n\t\t\t\t<div class=\"elementor-column elementor-col-33 elementor-top-column elementor-element elementor-element-46e9818\" data-id=\"46e9818\" data-element_type=\"column\" data-e-type=\"column\">\n\t\t\t<div class=\"elementor-widget-wrap elementor-element-populated\">\n\t\t\t\t\t\t<div class=\"elementor-element elementor-element-7615800 elementor-widget elementor-widget-image\" data-id=\"7615800\" data-element_type=\"widget\" data-e-type=\"widget\" data-widget_type=\"image.default\">\n\t\t\t\t<div class=\"elementor-widget-container\">\n\t\t\t\t\t\t\t\t\t\t\t\t\t\t\t\t<a href=\"https:\/\/www.osypkamed.com\/products\/temporary-pacemakers\/pace-model-203\/\">\n\t\t\t\t\t\t\t<img decoding=\"async\" src=\"https:\/\/www.osypkamed.com\/wp-content\/uploads\/2022\/04\/Pace203-Spannzangen.png\" title=\"\" alt=\"\" loading=\"lazy\" \/>\t\t\t\t\t\t\t\t<\/a>\n\t\t\t\t\t\t\t\t\t\t\t\t\t\t\t<\/div>\n\t\t\t\t<\/div>\n\t\t\t\t\t<\/div>\n\t\t<\/div>\n\t\t\t\t\t<\/div>\n\t\t<\/section>\n\t\t\t\t<section class=\"elementor-section elementor-top-section elementor-element elementor-element-62927c5 elementor-section-boxed elementor-section-height-default elementor-section-height-default\" data-id=\"62927c5\" data-element_type=\"section\" data-e-type=\"section\">\n\t\t\t\t\t\t<div class=\"elementor-container elementor-column-gap-default\">\n\t\t\t\t\t<div class=\"elementor-column elementor-col-33 elementor-top-column elementor-element elementor-element-8bfe4bc\" data-id=\"8bfe4bc\" data-element_type=\"column\" data-e-type=\"column\">\n\t\t\t<div class=\"elementor-widget-wrap elementor-element-populated\">\n\t\t\t\t\t\t<div class=\"elementor-element elementor-element-8568a8a elementor-widget elementor-widget-image\" data-id=\"8568a8a\" data-element_type=\"widget\" data-e-type=\"widget\" data-widget_type=\"image.default\">\n\t\t\t\t<div class=\"elementor-widget-container\">\n\t\t\t\t\t\t\t\t\t\t\t\t\t\t\t\t<a href=\"https:\/\/www.osypkamed.com\/products\/temporary-pacemakers\/pace-model-300\/\">\n\t\t\t\t\t\t\t<img decoding=\"async\" src=\"https:\/\/www.osypkamed.com\/wp-content\/uploads\/2021\/12\/PACE300-Produktbild.png\" title=\"\" alt=\"\" loading=\"lazy\" \/>\t\t\t\t\t\t\t\t<\/a>\n\t\t\t\t\t\t\t\t\t\t\t\t\t\t\t<\/div>\n\t\t\t\t<\/div>\n\t\t\t\t\t<\/div>\n\t\t<\/div>\n\t\t\t\t<div class=\"elementor-column elementor-col-66 elementor-top-column elementor-element elementor-element-0b17c77\" data-id=\"0b17c77\" data-element_type=\"column\" data-e-type=\"column\">\n\t\t\t<div class=\"elementor-widget-wrap elementor-element-populated\">\n\t\t\t\t\t\t<div class=\"elementor-element elementor-element-b7c180e elementor-widget elementor-widget-heading\" data-id=\"b7c180e\" data-element_type=\"widget\" data-e-type=\"widget\" data-widget_type=\"heading.default\">\n\t\t\t\t<div class=\"elementor-widget-container\">\n\t\t\t\t\t<h2 class=\"elementor-heading-title elementor-size-medium\"><a href=\"https:\/\/www.osypkamed.com\/products\/temporary-pacemakers\/pace-model-300\/\">PACE Mod\u00e8le 300 STIMULATEUR EXTERNE TRIPLE CHAMBRE (CRT)<\/a><\/h2>\t\t\t\t<\/div>\n\t\t\t\t<\/div>\n\t\t\t\t<div class=\"elementor-element elementor-element-0663b0d elementor-widget elementor-widget-text-editor\" data-id=\"0663b0d\" data-element_type=\"widget\" data-e-type=\"widget\" data-widget_type=\"text-editor.default\">\n\t\t\t\t<div class=\"elementor-widget-container\">\n\t\t\t\t\t\t\t\t\t<ul><li>Resynchronisation de patients avec une faible fraction d\u2019\u00e9jection<\/li><li>Tension de sortie constante (similaire aux stimulateurs permanents)<\/li><li>R\u00e9glage du d\u00e9lai AV- et VV<\/li><li>La fonction Auto Sense surveille en permanence l\u2019amplitude de l\u2019onde P\/R et ajuste en cons\u00e9quence la sensibilit\u00e9 auriculaire et ventriculaire<\/li><li>SAV fabricant assur\u00e9 \u00e0 vie<\/li><\/ul>\t\t\t\t\t\t\t\t<\/div>\n\t\t\t\t<\/div>\n\t\t\t\t\t<\/div>\n\t\t<\/div>\n\t\t\t\t\t<\/div>\n\t\t<\/section>\n\t\t\t\t<section class=\"elementor-section elementor-top-section elementor-element elementor-element-a2d8cf9 elementor-section-boxed elementor-section-height-default elementor-section-height-default\" data-id=\"a2d8cf9\" data-element_type=\"section\" data-e-type=\"section\">\n\t\t\t\t\t\t<div class=\"elementor-container elementor-column-gap-default\">\n\t\t\t\t\t<div class=\"elementor-column elementor-col-100 elementor-top-column elementor-element elementor-element-cc3dca3\" data-id=\"cc3dca3\" data-element_type=\"column\" data-e-type=\"column\">\n\t\t\t<div class=\"elementor-widget-wrap elementor-element-populated\">\n\t\t\t\t\t\t<div class=\"elementor-element elementor-element-76e7281 elementor-widget elementor-widget-image\" data-id=\"76e7281\" data-element_type=\"widget\" data-e-type=\"widget\" data-widget_type=\"image.default\">\n\t\t\t\t<div class=\"elementor-widget-container\">\n\t\t\t\t\t\t\t\t\t\t\t\t\t\t\t<img decoding=\"async\" src=\"https:\/\/www.uniha.org\/wp-content\/themes\/naked-wordpress-master\/img\/logoheader.png\" title=\"\" alt=\"\" loading=\"lazy\" \/>\t\t\t\t\t\t\t\t\t\t\t\t\t\t\t<\/div>\n\t\t\t\t<\/div>\n\t\t\t\t\t<\/div>\n\t\t<\/div>\n\t\t\t\t\t<\/div>\n\t\t<\/section>\n\t\t\t\t<section class=\"elementor-section elementor-top-section elementor-element elementor-element-9c766eb elementor-section-boxed elementor-section-height-default elementor-section-height-default\" data-id=\"9c766eb\" data-element_type=\"section\" data-e-type=\"section\">\n\t\t\t\t\t\t<div class=\"elementor-container elementor-column-gap-default\">\n\t\t\t\t\t<div class=\"elementor-column elementor-col-100 elementor-top-column elementor-element elementor-element-088e9b3\" data-id=\"088e9b3\" data-element_type=\"column\" data-e-type=\"column\">\n\t\t\t<div class=\"elementor-widget-wrap elementor-element-populated\">\n\t\t\t\t\t\t<div class=\"elementor-element elementor-element-69795e6 elementor-widget elementor-widget-text-editor\" data-id=\"69795e6\" data-element_type=\"widget\" data-e-type=\"widget\" data-widget_type=\"text-editor.default\">\n\t\t\t\t<div class=\"elementor-widget-container\">\n\t\t\t\t\t\t\t\t\t<p>R\u00e9f\u00e9renc\u00e9 UNIHA depuis 2022<\/p>\t\t\t\t\t\t\t\t<\/div>\n\t\t\t\t<\/div>\n\t\t\t\t\t<\/div>\n\t\t<\/div>\n\t\t\t\t\t<\/div>\n\t\t<\/section>\n\t\t\t\t<section class=\"elementor-section elementor-top-section elementor-element elementor-element-f9ef739 elementor-section-boxed elementor-section-height-default elementor-section-height-default\" data-id=\"f9ef739\" data-element_type=\"section\" data-e-type=\"section\">\n\t\t\t\t\t\t<div class=\"elementor-container elementor-column-gap-default\">\n\t\t\t\t\t<div class=\"elementor-column elementor-col-100 elementor-top-column elementor-element elementor-element-6b2ccd8\" data-id=\"6b2ccd8\" data-element_type=\"column\" data-e-type=\"column\">\n\t\t\t<div class=\"elementor-widget-wrap elementor-element-populated\">\n\t\t\t\t\t\t<div class=\"elementor-element elementor-element-6fde808 elementor-widget elementor-widget-image\" data-id=\"6fde808\" data-element_type=\"widget\" data-e-type=\"widget\" data-widget_type=\"image.default\">\n\t\t\t\t<div class=\"elementor-widget-container\">\n\t\t\t\t\t\t\t\t\t\t\t\t\t\t\t<img decoding=\"async\" src=\"https:\/\/www.osypkamed.com\/wp-content\/uploads\/2021\/12\/Disposables_Produktbild.png\" title=\"\" alt=\"\" loading=\"lazy\" \/>\t\t\t\t\t\t\t\t\t\t\t\t\t\t\t<\/div>\n\t\t\t\t<\/div>\n\t\t\t\t\t<\/div>\n\t\t<\/div>\n\t\t\t\t\t<\/div>\n\t\t<\/section>\n\t\t\t\t<section class=\"elementor-section elementor-top-section elementor-element elementor-element-65c0e78 elementor-section-boxed elementor-section-height-default elementor-section-height-default\" data-id=\"65c0e78\" data-element_type=\"section\" data-e-type=\"section\">\n\t\t\t\t\t\t<div class=\"elementor-container elementor-column-gap-default\">\n\t\t\t\t\t<div class=\"elementor-column elementor-col-100 elementor-top-column elementor-element elementor-element-9c54013\" data-id=\"9c54013\" data-element_type=\"column\" data-e-type=\"column\">\n\t\t\t<div class=\"elementor-widget-wrap elementor-element-populated\">\n\t\t\t\t\t\t<div class=\"elementor-element elementor-element-904ffc5 elementor-widget elementor-widget-text-editor\" data-id=\"904ffc5\" data-element_type=\"widget\" data-e-type=\"widget\" data-widget_type=\"text-editor.default\">\n\t\t\t\t<div class=\"elementor-widget-container\">\n\t\t\t\t\t\t\t\t\t<p>Equipements compl\u00e9mentaires disponibles<\/p>\t\t\t\t\t\t\t\t<\/div>\n\t\t\t\t<\/div>\n\t\t\t\t\t<\/div>\n\t\t<\/div>\n\t\t\t\t\t<\/div>\n\t\t<\/section>\n\t\t\t\t<section class=\"elementor-section elementor-top-section elementor-element elementor-element-95efac4 elementor-section-boxed elementor-section-height-default elementor-section-height-default\" data-id=\"95efac4\" data-element_type=\"section\" data-e-type=\"section\">\n\t\t\t\t\t\t<div class=\"elementor-container elementor-column-gap-default\">\n\t\t\t\t\t<div class=\"elementor-column elementor-col-100 elementor-top-column elementor-element elementor-element-db8eb12\" data-id=\"db8eb12\" data-element_type=\"column\" data-e-type=\"column\">\n\t\t\t<div class=\"elementor-widget-wrap elementor-element-populated\">\n\t\t\t\t\t\t<div class=\"elementor-element elementor-element-8a294e5 elementor-widget elementor-widget-text-editor\" data-id=\"8a294e5\" data-element_type=\"widget\" data-e-type=\"widget\" data-widget_type=\"text-editor.default\">\n\t\t\t\t<div class=\"elementor-widget-container\">\n\t\t\t\t\t\t\t\t\t<p>R\u00e9f\u00e9rences \u00e9quivalentes<\/p><table><tbody><tr><td width=\"253\"><p>OSYPKA \/ AGA \/ ABBOTT \/ St Jude<\/p><\/td><td width=\"142\"><p>3074<\/p><\/td><td width=\"197\"><p>External pacemaker<\/p><\/td><\/tr><tr><td width=\"253\"><p>OSYPKA \/ AGA \/ ABBOTT \/ St Jude<\/p><\/td><td width=\"142\"><p>3077<\/p><\/td><td width=\"197\"><p>External pacemaker<\/p><\/td><\/tr><tr><td width=\"253\"><p>OSYPKA \/ AGA \/ ABBOTT \/ St Jude<\/p><\/td><td width=\"142\"><p>3085<\/p><\/td><td width=\"197\"><p>External pacemaker<\/p><\/td><\/tr><tr><td width=\"253\"><p>MEDTRONIC<\/p><\/td><td width=\"142\"><p>5391<\/p><\/td><td width=\"197\"><p>External pacemaker<\/p><\/td><\/tr><tr><td width=\"253\"><p>MEDTRONIC<\/p><\/td><td width=\"142\"><p>5392<\/p><\/td><td width=\"197\"><p>External pacemaker<\/p><\/td><\/tr><tr><td width=\"253\"><p>OSYPKA \/ AGA \/ ABBOTT \/ St Jude \/ OSCOR<\/p><\/td><td width=\"142\"><p>PACE 101 H<\/p><\/td><td width=\"197\"><p>External pacemaker<\/p><\/td><\/tr><tr><td width=\"253\"><p>OSYPKA \/ AGA \/ ABBOTT \/ St Jude<\/p><\/td><td width=\"142\"><p>81987<\/p><\/td><td width=\"197\"><p>Extension cable 3077\/3085<\/p><\/td><\/tr><tr><td width=\"253\"><p>OSYPKA \/ AGA \/ ABBOTT \/ St Jude<\/p><\/td><td width=\"142\"><p>81987-WS<\/p><\/td><td width=\"197\"><p>Extension cable 3085<\/p><\/td><\/tr><tr><td width=\"253\"><p>OSYPKA \/ AGA \/ ABBOTT \/ St Jude<\/p><\/td><td width=\"142\"><p>EXT-3077BATT. COV.<\/p><\/td><td width=\"197\"><p>Battery cover for external pacemaker<\/p><\/td><\/tr><tr><td width=\"253\"><p>OSYPKA \/ AGA \/ ABBOTT \/ St Jude<\/p><\/td><td width=\"142\"><p>2109296<\/p><\/td><td width=\"197\"><p>VC17 lead extension<\/p><\/td><\/tr><tr><td width=\"253\"><p>OSYPKA \/ AGA \/ ABBOTT \/ St Jude<\/p><\/td><td width=\"142\"><p>5I-28-042Z-A<\/p><\/td><td width=\"197\"><p>Perspex cover<\/p><\/td><\/tr><tr><td width=\"253\"><p>OSYPKA \/ AGA \/ ABBOTT \/ St Jude<\/p><\/td><td width=\"142\"><p>53415<\/p><\/td><td width=\"197\"><p>Vis Y adapter<\/p><\/td><\/tr><tr><td width=\"253\"><p>OSYPKA \/ AGA \/ ABBOTT \/ St Jude<\/p><\/td><td width=\"142\"><p>53420<\/p><\/td><td width=\"197\"><p>VB17BIP. Lead ext17cm :53<\/p><\/td><\/tr><tr><td width=\"253\"><p>OSYPKA \/ AGA \/ ABBOTT \/ St Jude<\/p><\/td><td width=\"142\"><p>53421<\/p><\/td><td width=\"197\"><p>Bipolar adapter IS-1 40cm<\/p><\/td><\/tr><tr><td width=\"253\"><p>OSYPKA \/ AGA \/ ABBOTT \/ St Jude<\/p><\/td><td width=\"142\"><p>53424<\/p><\/td><td width=\"197\"><p>VB -2XIXB elektr. adapter<\/p><\/td><\/tr><tr><td width=\"253\"><p>OSYPKA \/ AGA \/ ABBOTT \/ St Jude<\/p><\/td><td width=\"142\"><p>53904<\/p><\/td><td width=\"197\"><p>VM17 VS-1 adapter<\/p><\/td><\/tr><tr><td width=\"253\"><p>OSYPKA \/ AGA \/ ABBOTT \/ St Jude<\/p><\/td><td width=\"142\"><p>PE_VU10-IS-LV<\/p><\/td><td width=\"197\"><p>Adapter<\/p><\/td><\/tr><\/tbody><\/table><p>\u00a0<\/p>\t\t\t\t\t\t\t\t<\/div>\n\t\t\t\t<\/div>\n\t\t\t\t\t<\/div>\n\t\t<\/div>\n\t\t\t\t\t<\/div>\n\t\t<\/section>\n\t\t\t\t<\/div>\n\t\t","protected":false},"excerpt":{"rendered":"<p>Stimulateurs cardiaques externes temporaires Simple chambre, double chambre et triple chambre afin de r\u00e9pondre \u00e0 tout les besoins Plusieurs connectiques possibles qui s&#8217;adaptent \u00e0 tous les cables DiMedCare assure \u00e9galement la maintenance annuelle des stimulateurs selon les pr\u00e9conisations constructeur PACE Mod\u00e8le 101H STIMULATEUR EXTERNE SIMPLE CHAMBRE (SSI) Programmation simple Tension de sortie constante (similaire aux [&hellip;]<\/p>\n","protected":false},"author":7,"featured_media":0,"parent":0,"menu_order":0,"comment_status":"closed","ping_status":"closed","template":"","meta":{"footnotes":""},"class_list":["post-1458","page","type-page","status-publish","hentry"],"_links":{"self":[{"href":"https:\/\/dimedcare.fr\/wordpress\/index.php\/wp-json\/wp\/v2\/pages\/1458","targetHints":{"allow":["GET"]}}],"collection":[{"href":"https:\/\/dimedcare.fr\/wordpress\/index.php\/wp-json\/wp\/v2\/pages"}],"about":[{"href":"https:\/\/dimedcare.fr\/wordpress\/index.php\/wp-json\/wp\/v2\/types\/page"}],"author":[{"embeddable":true,"href":"https:\/\/dimedcare.fr\/wordpress\/index.php\/wp-json\/wp\/v2\/users\/7"}],"replies":[{"embeddable":true,"href":"https:\/\/dimedcare.fr\/wordpress\/index.php\/wp-json\/wp\/v2\/comments?post=1458"}],"version-history":[{"count":12,"href":"https:\/\/dimedcare.fr\/wordpress\/index.php\/wp-json\/wp\/v2\/pages\/1458\/revisions"}],"predecessor-version":[{"id":1551,"href":"https:\/\/dimedcare.fr\/wordpress\/index.php\/wp-json\/wp\/v2\/pages\/1458\/revisions\/1551"}],"wp:attachment":[{"href":"https:\/\/dimedcare.fr\/wordpress\/index.php\/wp-json\/wp\/v2\/media?parent=1458"}],"curies":[{"name":"wp","href":"https:\/\/api.w.org\/{rel}","templated":true}]}}